{"id":14,"date":"2022-07-29T08:56:24","date_gmt":"2022-07-29T08:56:24","guid":{"rendered":"https:\/\/mpky.net\/wp\/?page_id=14"},"modified":"2026-03-29T09:52:17","modified_gmt":"2026-03-29T07:52:17","slug":"koira-ajelu","status":"publish","type":"page","link":"https:\/\/mpky.net\/koira-ajelu\/","title":{"rendered":"Koira-ajelu"},"content":{"rendered":"\n<div class=\"wp-block-columns is-layout-flex wp-container-core-columns-is-layout-28f84493 wp-block-columns-is-layout-flex\">\n<div class=\"wp-block-column is-layout-flow wp-block-column-is-layout-flow\"><\/div>\n\n\n\n<div class=\"wp-block-column is-layout-flow wp-block-column-is-layout-flow\"><\/div>\n<\/div>\n\n\n\n<div class=\"wp-block-uagb-advanced-heading uagb-block-66e74741\"><h2 class=\"uagb-heading-text\">Koira-ajelu<\/h2><\/div>\n\n\n\n<p>Yhdistyksen lempe\u00e4t ja lapsista pit\u00e4v\u00e4t koirat ovat ohjaajineen k\u00e4ytett\u00e4viss\u00e4 koira-ajeluihin erilaisissa yleis\u00f6tapahtumissa. T\u00e4m\u00e4 suosittu &#8220;palveluskoiralaji&#8221; on jo yli 70 vuotta vanha perinne (ns. vappuvedot).<\/p>\n\n\n\n<p>Lis\u00e4tietoja koirakoiden tilaamisesta antaa Sini Marjo, s\u00e4hk\u00f6postilla: koira-ajelut@mpky.net.<\/p>\n\n\n\n<p>J\u00e4sen! Uusia koiria tarvitaan jatkuvasti erilaisiin tapahtumiin. Jos koet, ett\u00e4 koirasi on kokonsa ja luonteensa puolesta sopiva ajeluttamaan lapsia, tule tutustumaan toimintaan ja kokeilemaan miten teilt\u00e4 sujuu k\u00e4rryjen vet\u00e4minen. Ota yhteytt\u00e4 Sini Marjoon, yhteystiedot yll\u00e4.<\/p>\n\n\n\n<div class=\"wp-block-uagb-image aligncenter uagb-block-79518163 wp-block-uagb-image--layout-default wp-block-uagb-image--effect-static wp-block-uagb-image--align-center\"><figure class=\"wp-block-uagb-image__figure\"><a class=\"\" href=\"https:\/\/mpky.net\/wp\/wp-content\/uploads\/2026\/03\/tornimaki-7.3.-1052-scaled.jpg\" target=\"\" rel=\"noopener\"><img decoding=\"async\" srcset=\"https:\/\/mpky.net\/wp\/wp-content\/uploads\/2026\/03\/tornimaki-7.3.-1052-scaled.jpg ,https:\/\/mpky.net\/wp\/wp-content\/uploads\/2026\/03\/tornimaki-7.3.-1052-scaled.jpg 780w, https:\/\/mpky.net\/wp\/wp-content\/uploads\/2026\/03\/tornimaki-7.3.-1052-scaled.jpg 360w\" sizes=\"auto, (max-width: 480px) 150px\" src=\"https:\/\/mpky.net\/wp\/wp-content\/uploads\/2026\/03\/tornimaki-7.3.-1052-scaled.jpg\" alt=\"tornim\u00e4ki 7.3. 1052\" class=\"uag-image-1055\" width=\"664\" height=\"907\" title=\"tornim\u00e4ki 7.3. 1052\" loading=\"lazy\" role=\"img\"\/><\/a><\/figure><\/div>\n\n\n\n<p><\/p>\n","protected":false},"excerpt":{"rendered":"<p>Koira-ajelu Yhdistyksen lempe\u00e4t ja lapsista pit\u00e4v\u00e4t koirat ovat ohjaajineen k\u00e4ytett\u00e4viss\u00e4 koira-ajeluihin erilaisissa yleis\u00f6tapahtumissa. T\u00e4m\u00e4 suosittu &#8220;palveluskoiralaji&#8221; on jo yli 70 [&hellip;]<\/p>\n","protected":false},"author":1,"featured_media":0,"parent":0,"menu_order":0,"comment_status":"closed","ping_status":"closed","template":"","meta":{"_uag_custom_page_level_css":"","site-sidebar-layout":"default","site-content-layout":"","ast-site-content-layout":"default","site-content-style":"default","site-sidebar-style":"default","ast-global-header-display":"","ast-banner-title-visibility":"","ast-main-header-display":"","ast-hfb-above-header-display":"","ast-hfb-below-header-display":"","ast-hfb-mobile-header-display":"","site-post-title":"disabled","ast-breadcrumbs-content":"","ast-featured-img":"","footer-sml-layout":"","ast-disable-related-posts":"","theme-transparent-header-meta":"","adv-header-id-meta":"","stick-header-meta":"","header-above-stick-meta":"","header-main-stick-meta":"","header-below-stick-meta":"","astra-migrate-meta-layouts":"default","ast-page-background-enabled":"default","ast-page-background-meta":{"desktop":{"background-color":"var(--ast-global-color-4)","background-image":"","background-repeat":"repeat","background-position":"center center","background-size":"auto","background-attachment":"scroll","background-type":"","background-media":"","overlay-type":"","overlay-color":"","overlay-opacity":"","overlay-gradient":""},"tablet":{"background-color":"","background-image":"","background-repeat":"repeat","background-position":"center center","background-size":"auto","background-attachment":"scroll","background-type":"","background-media":"","overlay-type":"","overlay-color":"","overlay-opacity":"","overlay-gradient":""},"mobile":{"background-color":"","background-image":"","background-repeat":"repeat","background-position":"center center","background-size":"auto","background-attachment":"scroll","background-type":"","background-media":"","overlay-type":"","overlay-color":"","overlay-opacity":"","overlay-gradient":""}},"ast-content-background-meta":{"desktop":{"background-color":"var(--ast-global-color-5)","background-image":"","background-repeat":"repeat","background-position":"center center","background-size":"auto","background-attachment":"scroll","background-type":"","background-media":"","overlay-type":"","overlay-color":"","overlay-opacity":"","overlay-gradient":""},"tablet":{"background-color":"var(--ast-global-color-5)","background-image":"","background-repeat":"repeat","background-position":"center center","background-size":"auto","background-attachment":"scroll","background-type":"","background-media":"","overlay-type":"","overlay-color":"","overlay-opacity":"","overlay-gradient":""},"mobile":{"background-color":"var(--ast-global-color-5)","background-image":"","background-repeat":"repeat","background-position":"center center","background-size":"auto","background-attachment":"scroll","background-type":"","background-media":"","overlay-type":"","overlay-color":"","overlay-opacity":"","overlay-gradient":""}},"footnotes":""},"class_list":["post-14","page","type-page","status-publish","hentry"],"uagb_featured_image_src":{"full":false,"thumbnail":false,"medium":false,"medium_large":false,"large":false,"1536x1536":false,"2048x2048":false},"uagb_author_info":{"display_name":"admin","author_link":"https:\/\/mpky.net\/author\/admin\/"},"uagb_comment_info":0,"uagb_excerpt":"Koira-ajelu Yhdistyksen lempe\u00e4t ja lapsista pit\u00e4v\u00e4t koirat ovat ohjaajineen k\u00e4ytett\u00e4viss\u00e4 koira-ajeluihin erilaisissa yleis\u00f6tapahtumissa. T\u00e4m\u00e4 suosittu &#8220;palveluskoiralaji&#8221; on jo yli 70 [&hellip;]","_links":{"self":[{"href":"https:\/\/mpky.net\/wp-json\/wp\/v2\/pages\/14","targetHints":{"allow":["GET"]}}],"collection":[{"href":"https:\/\/mpky.net\/wp-json\/wp\/v2\/pages"}],"about":[{"href":"https:\/\/mpky.net\/wp-json\/wp\/v2\/types\/page"}],"author":[{"embeddable":true,"href":"https:\/\/mpky.net\/wp-json\/wp\/v2\/users\/1"}],"replies":[{"embeddable":true,"href":"https:\/\/mpky.net\/wp-json\/wp\/v2\/comments?post=14"}],"version-history":[{"count":12,"href":"https:\/\/mpky.net\/wp-json\/wp\/v2\/pages\/14\/revisions"}],"predecessor-version":[{"id":1059,"href":"https:\/\/mpky.net\/wp-json\/wp\/v2\/pages\/14\/revisions\/1059"}],"wp:attachment":[{"href":"https:\/\/mpky.net\/wp-json\/wp\/v2\/media?parent=14"}],"curies":[{"name":"wp","href":"https:\/\/api.w.org\/{rel}","templated":true}]}}