{"id":141,"date":"2022-11-29T16:15:53","date_gmt":"2022-11-29T16:15:53","guid":{"rendered":"https:\/\/mpky.net\/wp\/?page_id=141"},"modified":"2026-03-29T12:47:53","modified_gmt":"2026-03-29T10:47:53","slug":"toko","status":"publish","type":"page","link":"https:\/\/mpky.net\/toko\/","title":{"rendered":"TOKO"},"content":{"rendered":"\n<div class=\"wp-block-columns is-layout-flex wp-container-core-columns-is-layout-28f84493 wp-block-columns-is-layout-flex\">\n<div class=\"wp-block-column is-layout-flow wp-block-column-is-layout-flow\"><\/div>\n\n\n\n<div class=\"wp-block-column is-layout-flow wp-block-column-is-layout-flow\"><\/div>\n<\/div>\n\n\n\n<div class=\"wp-block-uagb-advanced-heading uagb-block-e6eb61d2\"><h2 class=\"uagb-heading-text\">TOKO = Tottelevaisuus<\/h2><\/div>\n\n\n\n<p>Toko tarkoittaa tottelevaisuuskoetta. Tottelevaisuuskoulutuksen tavoitteena on opettaa koiralle hallittua k\u00e4ytt\u00e4ytymist\u00e4 sek\u00e4 ohjaajalle koiran asiallista oikeanlaista k\u00e4sittelytaitoa. Kokeissa testataan ja arvioidaan koirakon v\u00e4list\u00e4 yhteisty\u00f6t\u00e4 nelj\u00e4ss\u00e4 eri luokassa; Alokasluokka, Avoinluokka, Voittajaluokka sek\u00e4 Erikoistottelevaisuusluokka. Tulokset m\u00e4\u00e4r\u00e4ytyv\u00e4t s\u00e4\u00e4nn\u00f6iss\u00e4 olevien pisteiden mukaan.<\/p>\n\n\n\n<p>Kolmella 1-tuloksella koirakko saa koulutustunnuksen. T\u00e4m\u00e4n j\u00e4lkeen koirakon tulee siirty\u00e4 seuraavaan kilpailuluokkaan vuoden sis\u00e4\u00e4n saadusta tuloksesta. Poikkeuksena kuitenkin alokasluokka josta t\u00e4ytyy siirty\u00e4 heti seuraavaan kilpailuluokkaan. Kokeeseen saavat osallistua kaikki tunnistusmerkityt ja Suomen Kennelliiton m\u00e4\u00e4r\u00e4ysten mukaisesti rokotetut 10 kk t\u00e4ytt\u00e4neet koirat. Erikoisvoittajaluokkaan saavat osallistua 15 kk t\u00e4ytt\u00e4neet koirat.<\/p>\n\n\n\n<p>Tokoa voidaan harrastaa ilman mink\u00e4\u00e4nlaisia kilpailullisia tavoitteita aina arvokisatasolle asti t\u00e4hd\u00e4ten. Tokon harjoittelua suositellaan aloitettavan jo pienelle pennulle. Lajin harjoittelu luo hyvi\u00e4 yhteisty\u00f6taitoja ohjaajan ja koiran v\u00e4lille joista on hy\u00f6ty\u00e4 my\u00f6s arkiel\u00e4m\u00e4ss\u00e4 niinkuin my\u00f6s muissa lajeissa. Se my\u00f6s haastaa sopivasti ajatusty\u00f6lle, niin koiran kuin ohjaajankin. Hyv\u00e4 onkin suunnata pennun kanssa pentukursseille josta saa oppeja mahdollisia tulevia tokokursseja ajatellen. Perusasioita tokon harjoittelua varten tulee my\u00f6s opetella. Perustaitoina pidet\u00e4\u00e4n hyv\u00e4\u00e4 kontaktia ohjaajan ja koiran v\u00e4lill\u00e4, leikkimistaitoja sek\u00e4 muuta hyv\u00e4\u00e4 palkkautumista harjoituksia tehdess\u00e4, varmaa luoksetuloa ja ohjaajan l\u00e4hell\u00e4 pysymist\u00e4. N\u00e4ill\u00e4 asioilla tokon harjoittelussa p\u00e4\u00e4see alkuun.<\/p>\n\n\n\n<p>Lajivastaava: Sofia Suomela (toko@mpky.net)<\/p>\n\n\n\n<figure class=\"wp-block-image size-large is-resized\"><a href=\"https:\/\/mpky.net\/wp\/wp-content\/uploads\/2023\/01\/thumbnail_IMG_3028.jpg\"><img loading=\"lazy\" decoding=\"async\" width=\"1024\" height=\"605\" src=\"https:\/\/mpky.net\/wp\/wp-content\/uploads\/2023\/01\/thumbnail_IMG_3028-1024x605.jpg\" alt=\"Thumbnail IMG 3028 1024x605\" class=\"wp-image-262\" title=\"TOKO\" srcset=\"https:\/\/mpky.net\/wp\/wp-content\/uploads\/2023\/01\/thumbnail_IMG_3028-1024x605.jpg 1024w, https:\/\/mpky.net\/wp\/wp-content\/uploads\/2023\/01\/thumbnail_IMG_3028-300x177.jpg 300w, https:\/\/mpky.net\/wp\/wp-content\/uploads\/2023\/01\/thumbnail_IMG_3028-768x454.jpg 768w, https:\/\/mpky.net\/wp\/wp-content\/uploads\/2023\/01\/thumbnail_IMG_3028.jpg 1280w\" sizes=\"auto, (max-width: 1024px) 100vw, 1024px\" \/><\/a><\/figure>\n","protected":false},"excerpt":{"rendered":"<p>TOKO = Tottelevaisuus Toko tarkoittaa tottelevaisuuskoetta. Tottelevaisuuskoulutuksen tavoitteena on opettaa koiralle hallittua k\u00e4ytt\u00e4ytymist\u00e4 sek\u00e4 ohjaajalle koiran asiallista oikeanlaista k\u00e4sittelytaitoa. Kokeissa [&hellip;]<\/p>\n","protected":false},"author":2,"featured_media":0,"parent":0,"menu_order":0,"comment_status":"closed","ping_status":"closed","template":"","meta":{"_uag_custom_page_level_css":"","site-sidebar-layout":"default","site-content-layout":"","ast-site-content-layout":"default","site-content-style":"default","site-sidebar-style":"default","ast-global-header-display":"","ast-banner-title-visibility":"","ast-main-header-display":"","ast-hfb-above-header-display":"","ast-hfb-below-header-display":"","ast-hfb-mobile-header-display":"","site-post-title":"disabled","ast-breadcrumbs-content":"","ast-featured-img":"","footer-sml-layout":"","ast-disable-related-posts":"","theme-transparent-header-meta":"","adv-header-id-meta":"","stick-header-meta":"","header-above-stick-meta":"","header-main-stick-meta":"","header-below-stick-meta":"","astra-migrate-meta-layouts":"default","ast-page-background-enabled":"default","ast-page-background-meta":{"desktop":{"background-color":"var(--ast-global-color-4)","background-image":"","background-repeat":"repeat","background-position":"center center","background-size":"auto","background-attachment":"scroll","background-type":"","background-media":"","overlay-type":"","overlay-color":"","overlay-opacity":"","overlay-gradient":""},"tablet":{"background-color":"","background-image":"","background-repeat":"repeat","background-position":"center center","background-size":"auto","background-attachment":"scroll","background-type":"","background-media":"","overlay-type":"","overlay-color":"","overlay-opacity":"","overlay-gradient":""},"mobile":{"background-color":"","background-image":"","background-repeat":"repeat","background-position":"center center","background-size":"auto","background-attachment":"scroll","background-type":"","background-media":"","overlay-type":"","overlay-color":"","overlay-opacity":"","overlay-gradient":""}},"ast-content-background-meta":{"desktop":{"background-color":"var(--ast-global-color-5)","background-image":"","background-repeat":"repeat","background-position":"center center","background-size":"auto","background-attachment":"scroll","background-type":"","background-media":"","overlay-type":"","overlay-color":"","overlay-opacity":"","overlay-gradient":""},"tablet":{"background-color":"var(--ast-global-color-5)","background-image":"","background-repeat":"repeat","background-position":"center center","background-size":"auto","background-attachment":"scroll","background-type":"","background-media":"","overlay-type":"","overlay-color":"","overlay-opacity":"","overlay-gradient":""},"mobile":{"background-color":"var(--ast-global-color-5)","background-image":"","background-repeat":"repeat","background-position":"center center","background-size":"auto","background-attachment":"scroll","background-type":"","background-media":"","overlay-type":"","overlay-color":"","overlay-opacity":"","overlay-gradient":""}},"footnotes":""},"class_list":["post-141","page","type-page","status-publish","hentry"],"uagb_featured_image_src":{"full":false,"thumbnail":false,"medium":false,"medium_large":false,"large":false,"1536x1536":false,"2048x2048":false},"uagb_author_info":{"display_name":"Emmi Helppolainen","author_link":"https:\/\/mpky.net\/author\/emmi-helppolainen\/"},"uagb_comment_info":0,"uagb_excerpt":"TOKO = Tottelevaisuus Toko tarkoittaa tottelevaisuuskoetta. Tottelevaisuuskoulutuksen tavoitteena on opettaa koiralle hallittua k\u00e4ytt\u00e4ytymist\u00e4 sek\u00e4 ohjaajalle koiran asiallista oikeanlaista k\u00e4sittelytaitoa. Kokeissa [&hellip;]","_links":{"self":[{"href":"https:\/\/mpky.net\/wp-json\/wp\/v2\/pages\/141","targetHints":{"allow":["GET"]}}],"collection":[{"href":"https:\/\/mpky.net\/wp-json\/wp\/v2\/pages"}],"about":[{"href":"https:\/\/mpky.net\/wp-json\/wp\/v2\/types\/page"}],"author":[{"embeddable":true,"href":"https:\/\/mpky.net\/wp-json\/wp\/v2\/users\/2"}],"replies":[{"embeddable":true,"href":"https:\/\/mpky.net\/wp-json\/wp\/v2\/comments?post=141"}],"version-history":[{"count":7,"href":"https:\/\/mpky.net\/wp-json\/wp\/v2\/pages\/141\/revisions"}],"predecessor-version":[{"id":1083,"href":"https:\/\/mpky.net\/wp-json\/wp\/v2\/pages\/141\/revisions\/1083"}],"wp:attachment":[{"href":"https:\/\/mpky.net\/wp-json\/wp\/v2\/media?parent=141"}],"curies":[{"name":"wp","href":"https:\/\/api.w.org\/{rel}","templated":true}]}}