{"id":142,"date":"2022-11-29T16:15:53","date_gmt":"2022-11-29T16:15:53","guid":{"rendered":"https:\/\/mpky.net\/wp\/?page_id=142"},"modified":"2026-03-29T09:57:05","modified_gmt":"2026-03-29T07:57:05","slug":"rally-toko","status":"publish","type":"page","link":"https:\/\/mpky.net\/rally-toko\/","title":{"rendered":"RALLY-TOKO"},"content":{"rendered":"\n<div class=\"wp-block-columns is-layout-flex wp-container-core-columns-is-layout-28f84493 wp-block-columns-is-layout-flex\">\n<div class=\"wp-block-column is-layout-flow wp-block-column-is-layout-flow\"><\/div>\n\n\n\n<div class=\"wp-block-column is-layout-flow wp-block-column-is-layout-flow\"><\/div>\n<\/div>\n\n\n\n<div class=\"wp-block-uagb-advanced-heading uagb-block-137d6aca\"><h2 class=\"uagb-heading-text\">RALLY-TOKO<\/h2><\/div>\n\n\n\n<p><strong>Mik\u00e4 ihmeen rally-toko?<\/strong><\/p>\n\n\n\n<p>Rally-toko yhdist\u00e4\u00e4 elementtej\u00e4 tokosta, agilityst\u00e4 ja koiratanssista. Rally-tokossa t\u00e4rkeint\u00e4 on ohjaajan ja koiran iloinen yhteisty\u00f6, ei niink\u00e4\u00e4n seuraamisen pilkuntarkka paikka tai asennon millintarkka suoruus. Koiraa saa ohjata sek\u00e4 suullisin k\u00e4skyin ett\u00e4 k\u00e4simerkein ja kannustaa koko suorituksen ajan. Rally-tokossa suoritetaan erilaisia liikkeit\u00e4 (mm. istumista, seisomista, maahan menoa, seuraamista eri tempoilla ja erilaisin k\u00e4\u00e4nn\u00f6ksin) teht\u00e4v\u00e4kylttien m\u00e4\u00e4r\u00e4\u00e4m\u00e4ss\u00e4 j\u00e4rjestyksess\u00e4, tuomarin suunnittelemalla radalla.<\/p>\n\n\n\n<p>Laji sopii koirakon yhteisty\u00f6n ja kontaktin parantamiseen, iloiseen temppujen opettamiseen ja aktivointiin. Sit\u00e4 on helppo harjoitella itsekseen my\u00f6s kotona ja lenkkien ohessa. T\u00e4rkeint\u00e4 radalla ja treeneiss\u00e4 on iloinen kontakti. Kilpailusuorituksen aikana koiran kehuminen ja innostaminen ovat ehdottomasti sallittuja. Rally-toko tarjoaa hyv\u00e4\u00e4 fysiikkatreeni\u00e4 etenkin ylemmiss\u00e4 luokissa, miss\u00e4 tehd\u00e4\u00e4n py\u00f6r\u00e4hdyksi\u00e4 eri suuntiin, takap\u00e4\u00e4n k\u00e4ytt\u00f6\u00e4, peruutusta ja seuraamista my\u00f6s oikealla puolella. El\u00e4k\u00f6ityvien koirien vanhuusp\u00e4ivien iloksi se on my\u00f6s mit\u00e4 mainiointa aktivointia!<\/p>\n\n\n\n<p>Mikkelin palveluskoirayhdistys j\u00e4rjest\u00e4\u00e4 rally-tokossa vuosittain mm. alkeis- ja jatkokursseja. Kalenteriin on varattu viikottain&nbsp;aikaa rally-tokon omatoimiryhm\u00e4n&nbsp;harjoittelulle. Treeneiss\u00e4 autetaan toisia ja pohditaan koulutuskysymyksi\u00e4 yhdess\u00e4.<br><\/p>\n\n\n\n<p>Kiinnostaako treenien vet\u00e4minen esimerkiksi kerran kuukaudessa? Ole yhteydess\u00e4 lajivastaavaan ja suunnitellaan yhdess\u00e4 lajin viemist\u00e4 eteenp\u00e4in yhdistyksess\u00e4mme!<br><\/p>\n\n\n\n<p>Lajivastaava: Elviira Ojala (rallytoko@mpky.net)<\/p>\n\n\n\n<figure class=\"wp-block-image size-large is-resized\"><a href=\"https:\/\/mpky.net\/wp\/wp-content\/uploads\/2023\/01\/OL2A0306-1.jpg\"><img loading=\"lazy\" decoding=\"async\" width=\"678\" height=\"1024\" src=\"https:\/\/mpky.net\/wp\/wp-content\/uploads\/2023\/01\/OL2A0306-1-678x1024.jpg\" alt=\"OL2A0306 1 678x1024\" class=\"wp-image-265\" title=\"RALLY-TOKO\" srcset=\"https:\/\/mpky.net\/wp\/wp-content\/uploads\/2023\/01\/OL2A0306-1-678x1024.jpg 678w, https:\/\/mpky.net\/wp\/wp-content\/uploads\/2023\/01\/OL2A0306-1-199x300.jpg 199w, https:\/\/mpky.net\/wp\/wp-content\/uploads\/2023\/01\/OL2A0306-1-768x1160.jpg 768w, https:\/\/mpky.net\/wp\/wp-content\/uploads\/2023\/01\/OL2A0306-1-1017x1536.jpg 1017w, https:\/\/mpky.net\/wp\/wp-content\/uploads\/2023\/01\/OL2A0306-1-1356x2048.jpg 1356w, https:\/\/mpky.net\/wp\/wp-content\/uploads\/2023\/01\/OL2A0306-1.jpg 1390w\" sizes=\"auto, (max-width: 678px) 100vw, 678px\" \/><\/a><\/figure>\n\n\n\n<figure class=\"wp-block-image size-large is-resized\"><a href=\"https:\/\/mpky.net\/wp\/wp-content\/uploads\/2023\/01\/OL2A0172.jpg\"><img loading=\"lazy\" decoding=\"async\" width=\"695\" height=\"1024\" src=\"https:\/\/mpky.net\/wp\/wp-content\/uploads\/2023\/01\/OL2A0172-695x1024.jpg\" alt=\"OL2A0172 695x1024\" class=\"wp-image-267\" title=\"RALLY-TOKO\" srcset=\"https:\/\/mpky.net\/wp\/wp-content\/uploads\/2023\/01\/OL2A0172-695x1024.jpg 695w, https:\/\/mpky.net\/wp\/wp-content\/uploads\/2023\/01\/OL2A0172-204x300.jpg 204w, https:\/\/mpky.net\/wp\/wp-content\/uploads\/2023\/01\/OL2A0172-768x1132.jpg 768w, https:\/\/mpky.net\/wp\/wp-content\/uploads\/2023\/01\/OL2A0172.jpg 1042w\" sizes=\"auto, (max-width: 695px) 100vw, 695px\" \/><\/a><\/figure>\n","protected":false},"excerpt":{"rendered":"<p>RALLY-TOKO Mik\u00e4 ihmeen rally-toko? Rally-toko yhdist\u00e4\u00e4 elementtej\u00e4 tokosta, agilityst\u00e4 ja koiratanssista. Rally-tokossa t\u00e4rkeint\u00e4 on ohjaajan ja koiran iloinen yhteisty\u00f6, ei [&hellip;]<\/p>\n","protected":false},"author":2,"featured_media":0,"parent":0,"menu_order":0,"comment_status":"closed","ping_status":"closed","template":"","meta":{"_uag_custom_page_level_css":"","site-sidebar-layout":"default","site-content-layout":"","ast-site-content-layout":"default","site-content-style":"default","site-sidebar-style":"default","ast-global-header-display":"","ast-banner-title-visibility":"","ast-main-header-display":"","ast-hfb-above-header-display":"","ast-hfb-below-header-display":"","ast-hfb-mobile-header-display":"","site-post-title":"disabled","ast-breadcrumbs-content":"","ast-featured-img":"","footer-sml-layout":"","ast-disable-related-posts":"","theme-transparent-header-meta":"","adv-header-id-meta":"","stick-header-meta":"","header-above-stick-meta":"","header-main-stick-meta":"","header-below-stick-meta":"","astra-migrate-meta-layouts":"default","ast-page-background-enabled":"default","ast-page-background-meta":{"desktop":{"background-color":"var(--ast-global-color-4)","background-image":"","background-repeat":"repeat","background-position":"center center","background-size":"auto","background-attachment":"scroll","background-type":"","background-media":"","overlay-type":"","overlay-color":"","overlay-opacity":"","overlay-gradient":""},"tablet":{"background-color":"","background-image":"","background-repeat":"repeat","background-position":"center center","background-size":"auto","background-attachment":"scroll","background-type":"","background-media":"","overlay-type":"","overlay-color":"","overlay-opacity":"","overlay-gradient":""},"mobile":{"background-color":"","background-image":"","background-repeat":"repeat","background-position":"center center","background-size":"auto","background-attachment":"scroll","background-type":"","background-media":"","overlay-type":"","overlay-color":"","overlay-opacity":"","overlay-gradient":""}},"ast-content-background-meta":{"desktop":{"background-color":"var(--ast-global-color-5)","background-image":"","background-repeat":"repeat","background-position":"center center","background-size":"auto","background-attachment":"scroll","background-type":"","background-media":"","overlay-type":"","overlay-color":"","overlay-opacity":"","overlay-gradient":""},"tablet":{"background-color":"var(--ast-global-color-5)","background-image":"","background-repeat":"repeat","background-position":"center center","background-size":"auto","background-attachment":"scroll","background-type":"","background-media":"","overlay-type":"","overlay-color":"","overlay-opacity":"","overlay-gradient":""},"mobile":{"background-color":"var(--ast-global-color-5)","background-image":"","background-repeat":"repeat","background-position":"center center","background-size":"auto","background-attachment":"scroll","background-type":"","background-media":"","overlay-type":"","overlay-color":"","overlay-opacity":"","overlay-gradient":""}},"footnotes":""},"class_list":["post-142","page","type-page","status-publish","hentry"],"uagb_featured_image_src":{"full":false,"thumbnail":false,"medium":false,"medium_large":false,"large":false,"1536x1536":false,"2048x2048":false},"uagb_author_info":{"display_name":"Emmi Helppolainen","author_link":"https:\/\/mpky.net\/author\/emmi-helppolainen\/"},"uagb_comment_info":0,"uagb_excerpt":"RALLY-TOKO Mik\u00e4 ihmeen rally-toko? Rally-toko yhdist\u00e4\u00e4 elementtej\u00e4 tokosta, agilityst\u00e4 ja koiratanssista. Rally-tokossa t\u00e4rkeint\u00e4 on ohjaajan ja koiran iloinen yhteisty\u00f6, ei [&hellip;]","_links":{"self":[{"href":"https:\/\/mpky.net\/wp-json\/wp\/v2\/pages\/142","targetHints":{"allow":["GET"]}}],"collection":[{"href":"https:\/\/mpky.net\/wp-json\/wp\/v2\/pages"}],"about":[{"href":"https:\/\/mpky.net\/wp-json\/wp\/v2\/types\/page"}],"author":[{"embeddable":true,"href":"https:\/\/mpky.net\/wp-json\/wp\/v2\/users\/2"}],"replies":[{"embeddable":true,"href":"https:\/\/mpky.net\/wp-json\/wp\/v2\/comments?post=142"}],"version-history":[{"count":6,"href":"https:\/\/mpky.net\/wp-json\/wp\/v2\/pages\/142\/revisions"}],"predecessor-version":[{"id":1063,"href":"https:\/\/mpky.net\/wp-json\/wp\/v2\/pages\/142\/revisions\/1063"}],"wp:attachment":[{"href":"https:\/\/mpky.net\/wp-json\/wp\/v2\/media?parent=142"}],"curies":[{"name":"wp","href":"https:\/\/api.w.org\/{rel}","templated":true}]}}