{"id":149,"date":"2022-11-29T16:26:06","date_gmt":"2022-11-29T16:26:06","guid":{"rendered":"https:\/\/mpky.net\/wp\/?page_id=149"},"modified":"2026-03-29T09:14:10","modified_gmt":"2026-03-29T07:14:10","slug":"kokeet","status":"publish","type":"page","link":"https:\/\/mpky.net\/kokeet\/","title":{"rendered":"Kokeet"},"content":{"rendered":"\n<div class=\"wp-block-columns is-layout-flex wp-container-core-columns-is-layout-28f84493 wp-block-columns-is-layout-flex\">\n<div class=\"wp-block-column is-layout-flow wp-block-column-is-layout-flow\"><\/div>\n\n\n\n<div class=\"wp-block-column is-layout-flow wp-block-column-is-layout-flow\"><\/div>\n<\/div>\n\n\n\n<p class=\"has-large-font-size\"><strong>2026<\/strong>  <strong>kokeet<\/strong><\/p>\n\n\n\n<p>2026 vuonna MPKY:n on tarkoitus j\u00e4rjest\u00e4\u00e4 seuraavat kokeet:<\/p>\n\n\n\n<p>BH-Koe \/ kokeet<\/p>\n\n\n\n<p>J\u00e4lkikoe<\/p>\n\n\n\n<p>Hakukoe \/ kokeet. Piirimestaruus syksyll\u00e4 2026<\/p>\n\n\n\n<p>Tokokoe<\/p>\n\n\n\n<p>Rally-Tokokoe<\/p>\n\n\n\n<p>Ps. Kurkista kalenteri.<\/p>\n\n\n\n<figure class=\"wp-block-image size-large is-resized\"><a href=\"https:\/\/mpky.net\/wp\/wp-content\/uploads\/2023\/01\/OL2A2104-1.jpg\"><img loading=\"lazy\" decoding=\"async\" width=\"1024\" height=\"645\" src=\"https:\/\/mpky.net\/wp\/wp-content\/uploads\/2023\/01\/OL2A2104-1-1024x645.jpg\" alt=\"OL2A2104 1 1024x645\" class=\"wp-image-280\" style=\"aspect-ratio:1.5884666489503056;width:602px;height:auto\" title=\"Kokeet\" srcset=\"https:\/\/mpky.net\/wp\/wp-content\/uploads\/2023\/01\/OL2A2104-1-1024x645.jpg 1024w, https:\/\/mpky.net\/wp\/wp-content\/uploads\/2023\/01\/OL2A2104-1-300x189.jpg 300w, https:\/\/mpky.net\/wp\/wp-content\/uploads\/2023\/01\/OL2A2104-1-768x483.jpg 768w, https:\/\/mpky.net\/wp\/wp-content\/uploads\/2023\/01\/OL2A2104-1-1536x967.jpg 1536w, https:\/\/mpky.net\/wp\/wp-content\/uploads\/2023\/01\/OL2A2104-1-2048x1289.jpg 2048w\" sizes=\"auto, (max-width: 1024px) 100vw, 1024px\" \/><\/a><\/figure>\n","protected":false},"excerpt":{"rendered":"<p>2026 kokeet 2026 vuonna MPKY:n on tarkoitus j\u00e4rjest\u00e4\u00e4 seuraavat kokeet: BH-Koe \/ kokeet J\u00e4lkikoe Hakukoe \/ kokeet. Piirimestaruus syksyll\u00e4 2026 [&hellip;]<\/p>\n","protected":false},"author":2,"featured_media":0,"parent":0,"menu_order":0,"comment_status":"closed","ping_status":"closed","template":"","meta":{"_uag_custom_page_level_css":"","site-sidebar-layout":"default","site-content-layout":"","ast-site-content-layout":"default","site-content-style":"default","site-sidebar-style":"default","ast-global-header-display":"","ast-banner-title-visibility":"","ast-main-header-display":"","ast-hfb-above-header-display":"","ast-hfb-below-header-display":"","ast-hfb-mobile-header-display":"","site-post-title":"disabled","ast-breadcrumbs-content":"","ast-featured-img":"","footer-sml-layout":"","ast-disable-related-posts":"","theme-transparent-header-meta":"","adv-header-id-meta":"","stick-header-meta":"","header-above-stick-meta":"","header-main-stick-meta":"","header-below-stick-meta":"","astra-migrate-meta-layouts":"default","ast-page-background-enabled":"default","ast-page-background-meta":{"desktop":{"background-color":"var(--ast-global-color-4)","background-image":"","background-repeat":"repeat","background-position":"center center","background-size":"auto","background-attachment":"scroll","background-type":"","background-media":"","overlay-type":"","overlay-color":"","overlay-opacity":"","overlay-gradient":""},"tablet":{"background-color":"","background-image":"","background-repeat":"repeat","background-position":"center center","background-size":"auto","background-attachment":"scroll","background-type":"","background-media":"","overlay-type":"","overlay-color":"","overlay-opacity":"","overlay-gradient":""},"mobile":{"background-color":"","background-image":"","background-repeat":"repeat","background-position":"center center","background-size":"auto","background-attachment":"scroll","background-type":"","background-media":"","overlay-type":"","overlay-color":"","overlay-opacity":"","overlay-gradient":""}},"ast-content-background-meta":{"desktop":{"background-color":"var(--ast-global-color-5)","background-image":"","background-repeat":"repeat","background-position":"center center","background-size":"auto","background-attachment":"scroll","background-type":"","background-media":"","overlay-type":"","overlay-color":"","overlay-opacity":"","overlay-gradient":""},"tablet":{"background-color":"var(--ast-global-color-5)","background-image":"","background-repeat":"repeat","background-position":"center center","background-size":"auto","background-attachment":"scroll","background-type":"","background-media":"","overlay-type":"","overlay-color":"","overlay-opacity":"","overlay-gradient":""},"mobile":{"background-color":"var(--ast-global-color-5)","background-image":"","background-repeat":"repeat","background-position":"center center","background-size":"auto","background-attachment":"scroll","background-type":"","background-media":"","overlay-type":"","overlay-color":"","overlay-opacity":"","overlay-gradient":""}},"footnotes":""},"class_list":["post-149","page","type-page","status-publish","hentry"],"uagb_featured_image_src":{"full":false,"thumbnail":false,"medium":false,"medium_large":false,"large":false,"1536x1536":false,"2048x2048":false},"uagb_author_info":{"display_name":"Emmi Helppolainen","author_link":"https:\/\/mpky.net\/author\/emmi-helppolainen\/"},"uagb_comment_info":0,"uagb_excerpt":"2026 kokeet 2026 vuonna MPKY:n on tarkoitus j\u00e4rjest\u00e4\u00e4 seuraavat kokeet: BH-Koe \/ kokeet J\u00e4lkikoe Hakukoe \/ kokeet. Piirimestaruus syksyll\u00e4 2026 [&hellip;]","_links":{"self":[{"href":"https:\/\/mpky.net\/wp-json\/wp\/v2\/pages\/149","targetHints":{"allow":["GET"]}}],"collection":[{"href":"https:\/\/mpky.net\/wp-json\/wp\/v2\/pages"}],"about":[{"href":"https:\/\/mpky.net\/wp-json\/wp\/v2\/types\/page"}],"author":[{"embeddable":true,"href":"https:\/\/mpky.net\/wp-json\/wp\/v2\/users\/2"}],"replies":[{"embeddable":true,"href":"https:\/\/mpky.net\/wp-json\/wp\/v2\/comments?post=149"}],"version-history":[{"count":10,"href":"https:\/\/mpky.net\/wp-json\/wp\/v2\/pages\/149\/revisions"}],"predecessor-version":[{"id":1034,"href":"https:\/\/mpky.net\/wp-json\/wp\/v2\/pages\/149\/revisions\/1034"}],"wp:attachment":[{"href":"https:\/\/mpky.net\/wp-json\/wp\/v2\/media?parent=149"}],"curies":[{"name":"wp","href":"https:\/\/api.w.org\/{rel}","templated":true}]}}