{"id":150,"date":"2022-11-29T16:26:06","date_gmt":"2022-11-29T16:26:06","guid":{"rendered":"https:\/\/mpky.net\/wp\/?page_id=150"},"modified":"2026-03-29T13:06:19","modified_gmt":"2026-03-29T11:06:19","slug":"ulkopuolinen-kouluttaja","status":"publish","type":"page","link":"https:\/\/mpky.net\/ulkopuolinen-kouluttaja\/","title":{"rendered":"Ulkopuolinen kouluttaja"},"content":{"rendered":"\n<div class=\"wp-block-columns is-layout-flex wp-container-core-columns-is-layout-28f84493 wp-block-columns-is-layout-flex\">\n<div class=\"wp-block-column is-layout-flow wp-block-column-is-layout-flow\"><\/div>\n\n\n\n<div class=\"wp-block-column is-layout-flow wp-block-column-is-layout-flow\"><\/div>\n<\/div>\n\n\n\n<div class=\"wp-block-uagb-advanced-heading uagb-block-f6920f25\"><h2 class=\"uagb-heading-text\">ULKOPUOLINEN KOULUTTAJA<\/h2><\/div>\n\n\n\n<p>Vuodelle 2026 on suunnitteilla ja alustavasti sovittu erilaisia ulkopuolisten pit\u00e4mi\u00e4 koulutuksia ja kursseja.<\/p>\n\n\n\n<p>T\u00e4st\u00e4 lis\u00e4\u00e4 tietoa mahdollisimman pian!<\/p>\n\n\n\n<figure class=\"wp-block-image size-large is-resized\"><a href=\"https:\/\/mpky.net\/wp\/wp-content\/uploads\/2023\/01\/OL2A0784-1-scaled.jpg\"><img loading=\"lazy\" decoding=\"async\" width=\"1024\" height=\"682\" src=\"https:\/\/mpky.net\/wp\/wp-content\/uploads\/2023\/01\/OL2A0784-1-1024x682.jpg\" alt=\"OL2A0784 1 1024x682\" class=\"wp-image-276\" style=\"width:350px;height:233px\" title=\"Ulkopuolinen kouluttaja\" srcset=\"https:\/\/mpky.net\/wp\/wp-content\/uploads\/2023\/01\/OL2A0784-1-1024x682.jpg 1024w, https:\/\/mpky.net\/wp\/wp-content\/uploads\/2023\/01\/OL2A0784-1-300x200.jpg 300w, https:\/\/mpky.net\/wp\/wp-content\/uploads\/2023\/01\/OL2A0784-1-768x511.jpg 768w, https:\/\/mpky.net\/wp\/wp-content\/uploads\/2023\/01\/OL2A0784-1-1536x1023.jpg 1536w, https:\/\/mpky.net\/wp\/wp-content\/uploads\/2023\/01\/OL2A0784-1-2048x1363.jpg 2048w\" sizes=\"auto, (max-width: 1024px) 100vw, 1024px\" \/><\/a><figcaption class=\"wp-element-caption\">Kuva: Essi Rahikainen<\/figcaption><\/figure>\n\n\n\n<p><\/p>\n","protected":false},"excerpt":{"rendered":"<p>ULKOPUOLINEN KOULUTTAJA Vuodelle 2026 on suunnitteilla ja alustavasti sovittu erilaisia ulkopuolisten pit\u00e4mi\u00e4 koulutuksia ja kursseja. T\u00e4st\u00e4 lis\u00e4\u00e4 tietoa mahdollisimman pian!<\/p>\n","protected":false},"author":2,"featured_media":0,"parent":0,"menu_order":0,"comment_status":"closed","ping_status":"closed","template":"","meta":{"_uag_custom_page_level_css":"","site-sidebar-layout":"default","site-content-layout":"","ast-site-content-layout":"default","site-content-style":"default","site-sidebar-style":"default","ast-global-header-display":"","ast-banner-title-visibility":"","ast-main-header-display":"","ast-hfb-above-header-display":"","ast-hfb-below-header-display":"","ast-hfb-mobile-header-display":"","site-post-title":"disabled","ast-breadcrumbs-content":"","ast-featured-img":"","footer-sml-layout":"","ast-disable-related-posts":"","theme-transparent-header-meta":"","adv-header-id-meta":"","stick-header-meta":"","header-above-stick-meta":"","header-main-stick-meta":"","header-below-stick-meta":"","astra-migrate-meta-layouts":"default","ast-page-background-enabled":"default","ast-page-background-meta":{"desktop":{"background-color":"var(--ast-global-color-4)","background-image":"","background-repeat":"repeat","background-position":"center center","background-size":"auto","background-attachment":"scroll","background-type":"","background-media":"","overlay-type":"","overlay-color":"","overlay-opacity":"","overlay-gradient":""},"tablet":{"background-color":"","background-image":"","background-repeat":"repeat","background-position":"center center","background-size":"auto","background-attachment":"scroll","background-type":"","background-media":"","overlay-type":"","overlay-color":"","overlay-opacity":"","overlay-gradient":""},"mobile":{"background-color":"","background-image":"","background-repeat":"repeat","background-position":"center center","background-size":"auto","background-attachment":"scroll","background-type":"","background-media":"","overlay-type":"","overlay-color":"","overlay-opacity":"","overlay-gradient":""}},"ast-content-background-meta":{"desktop":{"background-color":"var(--ast-global-color-5)","background-image":"","background-repeat":"repeat","background-position":"center center","background-size":"auto","background-attachment":"scroll","background-type":"","background-media":"","overlay-type":"","overlay-color":"","overlay-opacity":"","overlay-gradient":""},"tablet":{"background-color":"var(--ast-global-color-5)","background-image":"","background-repeat":"repeat","background-position":"center center","background-size":"auto","background-attachment":"scroll","background-type":"","background-media":"","overlay-type":"","overlay-color":"","overlay-opacity":"","overlay-gradient":""},"mobile":{"background-color":"var(--ast-global-color-5)","background-image":"","background-repeat":"repeat","background-position":"center center","background-size":"auto","background-attachment":"scroll","background-type":"","background-media":"","overlay-type":"","overlay-color":"","overlay-opacity":"","overlay-gradient":""}},"footnotes":""},"class_list":["post-150","page","type-page","status-publish","hentry"],"uagb_featured_image_src":{"full":false,"thumbnail":false,"medium":false,"medium_large":false,"large":false,"1536x1536":false,"2048x2048":false},"uagb_author_info":{"display_name":"Emmi Helppolainen","author_link":"https:\/\/mpky.net\/author\/emmi-helppolainen\/"},"uagb_comment_info":0,"uagb_excerpt":"ULKOPUOLINEN KOULUTTAJA Vuodelle 2026 on suunnitteilla ja alustavasti sovittu erilaisia ulkopuolisten pit\u00e4mi\u00e4 koulutuksia ja kursseja. T\u00e4st\u00e4 lis\u00e4\u00e4 tietoa mahdollisimman pian!","_links":{"self":[{"href":"https:\/\/mpky.net\/wp-json\/wp\/v2\/pages\/150","targetHints":{"allow":["GET"]}}],"collection":[{"href":"https:\/\/mpky.net\/wp-json\/wp\/v2\/pages"}],"about":[{"href":"https:\/\/mpky.net\/wp-json\/wp\/v2\/types\/page"}],"author":[{"embeddable":true,"href":"https:\/\/mpky.net\/wp-json\/wp\/v2\/users\/2"}],"replies":[{"embeddable":true,"href":"https:\/\/mpky.net\/wp-json\/wp\/v2\/comments?post=150"}],"version-history":[{"count":21,"href":"https:\/\/mpky.net\/wp-json\/wp\/v2\/pages\/150\/revisions"}],"predecessor-version":[{"id":1097,"href":"https:\/\/mpky.net\/wp-json\/wp\/v2\/pages\/150\/revisions\/1097"}],"wp:attachment":[{"href":"https:\/\/mpky.net\/wp-json\/wp\/v2\/media?parent=150"}],"curies":[{"name":"wp","href":"https:\/\/api.w.org\/{rel}","templated":true}]}}