{"id":31,"date":"2022-07-29T09:05:48","date_gmt":"2022-07-29T09:05:48","guid":{"rendered":"https:\/\/mpky.net\/wp\/?page_id=31"},"modified":"2026-03-30T12:48:45","modified_gmt":"2026-03-30T10:48:45","slug":"yhdistyksen-saannot","status":"publish","type":"page","link":"https:\/\/mpky.net\/yhdistyksen-saannot\/","title":{"rendered":"Yhdistyksen s\u00e4\u00e4nn\u00f6t"},"content":{"rendered":"\n<div class=\"wp-block-columns is-layout-flex wp-container-core-columns-is-layout-28f84493 wp-block-columns-is-layout-flex\">\n<div class=\"wp-block-column is-layout-flow wp-block-column-is-layout-flow\"><\/div>\n\n\n\n<div class=\"wp-block-column is-layout-flow wp-block-column-is-layout-flow\"><\/div>\n<\/div>\n\n\n\n<div class=\"wp-block-uagb-advanced-heading uagb-block-43130d3c\"><h2 class=\"uagb-heading-text\">YHDISTYKSEN S\u00c4\u00c4NN\u00d6T<\/h2><\/div>\n\n\n\n<p>MIKKELIN PALVELUSKOIRAYHDISTYS RY<\/p>\n\n\n\n<p><strong>1\u00a7 Yhdistyksen nimi, kotipaikka ja kieli<\/strong><\/p>\n\n\n\n<p>Yhdistyksen nimi on Mikkelin Palveluskoirayhdistys ry (MPKY) ja sen kotipaikka on Mikkeli. Yhdistyksen toiminta-alueena on Mikkelin kaupunki ymp\u00e4rist\u00f6ineen. Yhdistyksen kieli on suomi.<\/p>\n\n\n\n<p><strong>2\u00a7 Yhdistyksen tarkoitus ja toiminta<\/strong><\/p>\n\n\n\n<p>Yhdistyksen tarkoituksena on her\u00e4tt\u00e4\u00e4 ja yll\u00e4pit\u00e4\u00e4 palveluskoiraharrastusta sek\u00e4 edist\u00e4\u00e4 koirien hy\u00f6tyk\u00e4ytt\u00f6\u00e4.<\/p>\n\n\n\n<p>Tarkoitustaan yhdistys toteuttaa:<br>-j\u00e4rjest\u00e4m\u00e4ll\u00e4 harjoituksia, kokeita, kilpailuja ja muita tarkoitusta edist\u00e4vi\u00e4 tapahtumia<br>-j\u00e4rjest\u00e4m\u00e4ll\u00e4 alaansa liittyvi\u00e4 koulutus-, valistus- ja neuvontatilaisuuksia<br>-harjoittamalla tiedotustoimintaa<br>-pit\u00e4m\u00e4ll\u00e4 yhteytt\u00e4 muihin kenneltoimintaa harjoittaviin yhdistyksiin<\/p>\n\n\n\n<p>Toimintansa tukemiseksi yhdistys voi, hankittuaan tarvittaessa asianmukaisen luvan:<br>-ottaa vastaan avustuksia, lahjoituksia ja testamentteja<br>-j\u00e4rjest\u00e4\u00e4 rahanker\u00e4yksi\u00e4 ja arpajaisia<br>-omistaa toimintaansa varten tarpeellista kiinte\u00e4\u00e4 tai irtainta omaisuutta<br>-harjoittaa ravintola- ja kanttiinitoimintaa j\u00e4rjest\u00e4miss\u00e4\u00e4n tilaisuuksissa<\/p>\n\n\n\n<p>Yhdistys voi olla j\u00e4senen\u00e4 Suomen Kennelliitto \u2013 Finska Kennelklubben ry:ss\u00e4 sek\u00e4 Suomen Palveluskoiraliitto (SPKL) ry:ss\u00e4. Lis\u00e4ksi yhdistys voi olla j\u00e4senen\u00e4 muissa kenneltoimintaa harrastavissa yhteis\u00f6iss\u00e4.<\/p>\n\n\n\n<p><strong>3\u00a7 Yhdistyksen j\u00e4senet<\/strong><\/p>\n\n\n\n<p>Yhdistyksen j\u00e4seneksi voi liitty\u00e4 jokainen, joka hyv\u00e4ksyy yhdistyksen tarkoituksen ja s\u00e4\u00e4nn\u00f6t. J\u00e4senet hyv\u00e4ksyy hakemuksesta yhdistyksen hallitus.<\/p>\n\n\n\n<p>Yhdistyksen j\u00e4senet jaetaan varsinaisiin, perhe-, kannatus- ja kunniaj\u00e4seniin. Varsinainen j\u00e4sen ottaa osaa kaikkeen yhdistyksen toimintaan, kuten talkoisiin ja toimikuntiin. Kannatusj\u00e4sen tukee yhdistyksen toimintaa ainoastaan rahallisesti. Kunniaj\u00e4seneksi voidaan hallituksen esityksest\u00e4 yhdistyksen kokouksessa kutsua henkil\u00f6, joka on huomattavasti edist\u00e4nyt ja tukenut yhdistyksen toimintaa. Saavutetut j\u00e4senoikeudet s\u00e4ilyv\u00e4t. <\/p>\n\n\n\n<p><strong>4\u00a7 J\u00e4senen eroaminen ja erottaminen<\/strong><\/p>\n\n\n\n<p>J\u00e4senell\u00e4 on oikeus erota yhdistyksest\u00e4 ilmoittamalla siit\u00e4 kirjallisesti hallitukselle tai sen puheenjohtajalle taikka ilmoittamalla erosta yhdistyksen kokouksessa merkitt\u00e4v\u00e4ksi p\u00f6yt\u00e4kirjaan.<\/p>\n\n\n\n<p>Hallitus voi erottaa j\u00e4senen yhdistyksest\u00e4, jos j\u00e4sen on j\u00e4tt\u00e4nyt er\u00e4\u00e4ntyneen j\u00e4senmaksunsa maksamatta tai muuten j\u00e4tt\u00e4nyt t\u00e4ytt\u00e4m\u00e4tt\u00e4 ne velvoitukset, joihin h\u00e4n on yhdistykseen liittym\u00e4ll\u00e4 sitoutunut tai on menettelyll\u00e4\u00e4n yhdistyksess\u00e4 tai sen ulkopuolella huomattavasti vahingoittanut yhdistyst\u00e4 tai ei en\u00e4\u00e4 t\u00e4yt\u00e4 laissa taikka yhdistyksen s\u00e4\u00e4nn\u00f6iss\u00e4 mainittuja j\u00e4senyyden ehtoja.<\/p>\n\n\n\n<p><strong>5 \u00a7 J\u00e4senmaksu<\/strong><\/p>\n\n\n\n<p>Vuosittaisen j\u00e4senmaksun suuruuden m\u00e4\u00e4r\u00e4\u00e4 vuosikokous erikseen varsinaisille, perhe \u2013 ja kannatusj\u00e4senille. Kunniaj\u00e4sen on j\u00e4senmaksusta vapaa. J\u00e4senmaksu on suoritettava vuosittain huhtikuun loppuun menness\u00e4. Henkil\u00f6, joka liittyy yhdistyksen j\u00e4seneksi kesken kalenterivuoden, on velvollinen suorittamaan j\u00e4senmaksun koko kalenterivuodelta. <\/p>\n\n\n\n<p><strong>6 \u00a7 Hallitus<\/strong><\/p>\n\n\n\n<p>Yhdistyksen asioita hoitaa hallitus. Hallitukseen kuuluvat vuosikokouksessa valitut puheenjohtaja ja nelj\u00e4 (4) varsinaista j\u00e4sent\u00e4 sek\u00e4 kaksi (2) varaj\u00e4sent\u00e4. Hallituksen puheenjohtajan ja muiden j\u00e4senten on oltava yhdistyksen j\u00e4seni\u00e4. Hallitus valitsee keskuudestaan varapuheenjohtajan sek\u00e4 ottaa keskuudestaan tai ulkopuolelta sihteerin, rahastonhoitajan ja muut tarvittavat toimihenkil\u00f6t. Hallituksen toimikausi on kaksi vuotta. Hallituksen varsinaisista j\u00e4senist\u00e4 ja varaj\u00e4senist\u00e4 on puolet vuosittain erovuorossa. Ensimm\u00e4inen erovuoroisuus m\u00e4\u00e4r\u00e4ytyy arvalla ja t\u00e4m\u00e4n j\u00e4lkeen erovuoroisuus m\u00e4\u00e4r\u00e4ytyy vuoron mukaan. Erovuorossa olevat j\u00e4senet voidaan valita uudelleen. Hallitus kokoontuu puheenjohtajan tai h\u00e4nen estyneen\u00e4 ollessaan varapuheenjohtajan kutsusta, kun he katsovat siihen olevan aihetta tai kun v\u00e4hint\u00e4\u00e4n puolet hallituksen j\u00e4senist\u00e4 sit\u00e4 vaatii. Hallitus voi muodostaa avukseen j\u00e4senist\u00f6st\u00e4 tarvittavia toimikuntia ja jaostoja. Hallitus on p\u00e4\u00e4t\u00f6svaltainen, kun v\u00e4hint\u00e4\u00e4n puolet sen j\u00e4senist\u00e4, sek\u00e4 puheenjohtaja tai varapuheenjohtaja on l\u00e4sn\u00e4. \u00c4\u00e4nestykset ratkaistaan yksinkertaisella \u00e4\u00e4nten enemmist\u00f6ll\u00e4. \u00c4\u00e4nten menness\u00e4 tasan ratkaisee puheenjohtajan \u00e4\u00e4ni, vaaleissa kuitenkin arpa.<\/p>\n\n\n\n<p><strong>7 \u00a7 Tilikausi ja toiminnantarkastus<\/strong><\/p>\n\n\n\n<p>Yhdistyksen tilikausi on kalenterivuosi. Tilinp\u00e4\u00e4t\u00f6s tarvittavine asiakirjoineen ja hallituksen vuosikertomus on annettava toiminnantarkastajille viimeist\u00e4\u00e4n kolme (3) viikkoa ennen vuosikokousta. Toiminnantarkastajien tulee antaa kirjallinen lausuntonsa hallitukselle viimeist\u00e4\u00e4n kaksi (2) viikkoa ennen vuosikokousta.<\/p>\n\n\n\n<p><strong>8 \u00a7 Yhdistyksen nimen kirjoittaminen<\/strong><\/p>\n\n\n\n<p>Yhdistyksen nimen kirjoittaa puheenjohtaja tai varapuheenjohtaja, jompikumpi yhdess\u00e4 sihteerin tai rahastonhoitajan kanssa. Hallitus voi m\u00e4\u00e4r\u00e4t\u00e4 henkil\u00f6n yksin kirjoittamaan yhdistyksen nimen.<\/p>\n\n\n\n<p><strong>9 \u00a7 Yhdistyksen kokoukset<\/strong><\/p>\n\n\n\n<p>Yhdistyksen vuosikokous pidet\u00e4\u00e4n vuosittain hallituksen m\u00e4\u00e4r\u00e4\u00e4m\u00e4n\u00e4 p\u00e4iv\u00e4n\u00e4 tammikuussa.<\/p>\n\n\n\n<p>Ylim\u00e4\u00e4r\u00e4inen kokous pidet\u00e4\u00e4n, kun yhdistyksen kokous niin p\u00e4\u00e4tt\u00e4\u00e4 tai kun hallitus katsoo siihen olevan aihetta tai kun v\u00e4hint\u00e4\u00e4n kymmenesosa (1\/10) yhdistyksen \u00e4\u00e4nioikeutetuista j\u00e4senist\u00e4 sit\u00e4 hallitukselta erityisesti ilmoitettua asiaa varten kirjallisesti vaatii. Kokous on pidett\u00e4v\u00e4 kolmenkymmenen vuorokauden kuluessa siit\u00e4, kun vaatimus sen pit\u00e4misest\u00e4 on esitetty hallitukselle.<\/p>\n\n\n\n<p><strong>10 \u00a7 P\u00e4\u00e4t\u00f6ksenteko<\/strong><\/p>\n\n\n\n<p>Yhdistyksen kokouksissa on jokaisella varsinaisella ja kunniaj\u00e4senell\u00e4 yksi \u00e4\u00e4ni. Kannatusj\u00e4senell\u00e4 on kokouksessa l\u00e4sn\u00e4olo- ja puheoikeus. Yksityinen henkil\u00f6 (yhdistyksen \u00e4\u00e4nivaltainen j\u00e4sen) voi k\u00e4ytt\u00e4\u00e4 \u00e4\u00e4nioikeuttaan valtuuttamansa edustajan v\u00e4lityksell\u00e4 (valtakirja).<\/p>\n\n\n\n<p>Kaikki ne asiat, joista ei ole toisin m\u00e4\u00e4r\u00e4tty ratkaistaan yhdistyksen kokouksissa avoimella \u00e4\u00e4nestyksell\u00e4 ja yksinkertaisella \u00e4\u00e4nten enemmist\u00f6ll\u00e4, mik\u00e4li v\u00e4hint\u00e4\u00e4n 1\/10 ei vaadi lippu\u00e4\u00e4nestyst\u00e4. \u00c4\u00e4nten langetessa tasan ratkaisee vaaleissa arpa tai muissa asioissa puheenjohtajan kannattama mielipide.<\/p>\n\n\n\n<p>Lippu\u00e4\u00e4nestyksell\u00e4 tehtyjen ehdotusten perusteella valitaan:<br>-Hallituksen puheenjohtaja<br>-Hallituksen j\u00e4senet ja varaj\u00e4senet<br>-Kaksi toiminnantarkastajaa<br>-Kaksi varatoiminnantarkastajaa<\/p>\n\n\n\n<p><strong>11 \u00a7 Yhdistyksen kokousten koollekutsuminen<\/strong><\/p>\n\n\n\n<p>Yhdistyksen kokoukset kutsutaan koolle kullekin j\u00e4senelle v\u00e4hint\u00e4\u00e4n seitsem\u00e4n p\u00e4iv\u00e4\u00e4 ennen kokousta l\u00e4hetetyll\u00e4 kirjallisella\/s\u00e4hk\u00f6isell\u00e4 kokouskutsulla tai ilmoittamalla siit\u00e4 j\u00e4sentiedotteessa.<\/p>\n\n\n\n<p><strong>12 \u00a7 Vuosikokous<\/strong><\/p>\n\n\n\n<p>Yhdistyksen vuosikokouksessa k\u00e4sitell\u00e4\u00e4n seuraavat asiat:<br>-Kokouksen avaus<br>-Tarkistetaan valtakirjat ja todetaan niiden haltijain k\u00e4ytett\u00e4viss\u00e4 oleva \u00e4\u00e4nim\u00e4\u00e4r\u00e4<br>-Valitaan kokouksen puheenjohtaja, sihteeri, kaksi p\u00f6yt\u00e4kirjantarkastajaa ja tarvittaessa kaksi \u00e4\u00e4ntenlaskijaa<br>-Todetaan kokouksen laillisuus ja p\u00e4\u00e4t\u00f6svaltaisuus<br>-Hyv\u00e4ksyt\u00e4\u00e4n kokouksen esityslista<br>-Esitet\u00e4\u00e4n vuosikertomus, tilinp\u00e4\u00e4t\u00f6s ja toiminnantarkastajien lausunto<br>-P\u00e4\u00e4tet\u00e4\u00e4n tilinp\u00e4\u00e4t\u00f6ksen vahvistamisesta ja vastuuvapauden my\u00f6nt\u00e4misest\u00e4 hallitukselle ja muille vastuuvelvollisille<br>-Vahvistetaan toimintasuunnitelma sek\u00e4 tulo- ja menoarvio<br>-Vahvistetaan j\u00e4senmaksujen ja toimihenkil\u00f6palkkioiden suuruudet<br>-Valitaan hallituksen puheenjohtaja joka toinen vuosi ja muut varsinaiset ja varaj\u00e4senet erovuoroisten tilalle<br>-Valitaan kaksi toiminnantarkastajaa ja heille varatoiminnantarkastajat<br>-K\u00e4sitell\u00e4\u00e4n muut kokouskutsussa mainitut asiat<\/p>\n\n\n\n<p>Mik\u00e4li yhdistyksen j\u00e4sen haluaa saada jonkin asian yhdistyksen vuosikokouksen k\u00e4sitelt\u00e4v\u00e4ksi, on h\u00e4nen ilmoitettava siit\u00e4 kirjallisesti hallitukselle niin hyviss\u00e4 ajoin, ett\u00e4 asia voidaan sis\u00e4llytt\u00e4\u00e4 kokouskutsuun.<\/p>\n\n\n\n<p><strong>13 \u00a7 Muut toimikunnat<\/strong><\/p>\n\n\n\n<p>Yhdistyksen hallitus p\u00e4\u00e4tt\u00e4\u00e4 yhdistykselle eri tarkoituksia varten perustettavista toimikunnista ja jaostoista sek\u00e4 p\u00e4\u00e4tt\u00e4\u00e4 niiden teht\u00e4vist\u00e4. Toimikuntien on laadittava toiminnastaan kertomus ja toimitettava se yhdistyksen hallitukselle vuosittain joulukuun loppuun menness\u00e4.<\/p>\n\n\n\n<p><strong>14\u00a7 S\u00e4\u00e4nt\u00f6jen muuttamine<\/strong>n<\/p>\n\n\n\n<p>Yhdistyksen s\u00e4\u00e4nt\u00f6j\u00e4 voidaan muuttaa vuosikokouksessa, jos kokouskutsussa on siit\u00e4 erikseen mainittu ja 2\/3 l\u00e4sn\u00e4 olevista j\u00e4senist\u00e4 muutosta kannattaa.<\/p>\n\n\n\n<p><strong>15\u00a7 Yhdistyksen purkaminen<\/strong><\/p>\n\n\n\n<p>Yhdistyksen purkamiseen vaaditaan kahden per\u00e4kk\u00e4isen yleisen kokouksen 5\/6 \u00e4\u00e4ntenenemmist\u00f6n tekem\u00e4 p\u00e4\u00e4t\u00f6s. N\u00e4ist\u00e4 kokouksista on toisen oltava vuosikokous ja kokousten v\u00e4liajan on oltava v\u00e4hint\u00e4\u00e4n kaksi kuukautta. Jos yhdistys puretaan, on sen varat luovutettava palveluskoiratoimintaa edist\u00e4viin tarkoituksiin.<\/p>\n\n\n\n<p>N\u00e4m\u00e4 s\u00e4\u00e4nn\u00f6t on vahvistettu Mikkelin Palveluskoirayhdistyksen vuosikokouksessa 28.1.2016 (alkuper\u00e4iset s\u00e4\u00e4nn\u00f6t on hyv\u00e4ksytty vuonna 1936).<\/p>\n\n\n\n<p><\/p>\n","protected":false},"excerpt":{"rendered":"<p>YHDISTYKSEN S\u00c4\u00c4NN\u00d6T MIKKELIN PALVELUSKOIRAYHDISTYS RY 1\u00a7 Yhdistyksen nimi, kotipaikka ja kieli Yhdistyksen nimi on Mikkelin Palveluskoirayhdistys ry (MPKY) ja sen [&hellip;]<\/p>\n","protected":false},"author":1,"featured_media":0,"parent":0,"menu_order":0,"comment_status":"closed","ping_status":"closed","template":"","meta":{"_uag_custom_page_level_css":"","site-sidebar-layout":"default","site-content-layout":"","ast-site-content-layout":"default","site-content-style":"default","site-sidebar-style":"default","ast-global-header-display":"","ast-banner-title-visibility":"","ast-main-header-display":"","ast-hfb-above-header-display":"","ast-hfb-below-header-display":"","ast-hfb-mobile-header-display":"","site-post-title":"disabled","ast-breadcrumbs-content":"","ast-featured-img":"","footer-sml-layout":"","ast-disable-related-posts":"","theme-transparent-header-meta":"","adv-header-id-meta":"","stick-header-meta":"","header-above-stick-meta":"","header-main-stick-meta":"","header-below-stick-meta":"","astra-migrate-meta-layouts":"default","ast-page-background-enabled":"default","ast-page-background-meta":{"desktop":{"background-color":"var(--ast-global-color-4)","background-image":"","background-repeat":"repeat","background-position":"center center","background-size":"auto","background-attachment":"scroll","background-type":"","background-media":"","overlay-type":"","overlay-color":"","overlay-opacity":"","overlay-gradient":""},"tablet":{"background-color":"","background-image":"","background-repeat":"repeat","background-position":"center center","background-size":"auto","background-attachment":"scroll","background-type":"","background-media":"","overlay-type":"","overlay-color":"","overlay-opacity":"","overlay-gradient":""},"mobile":{"background-color":"","background-image":"","background-repeat":"repeat","background-position":"center center","background-size":"auto","background-attachment":"scroll","background-type":"","background-media":"","overlay-type":"","overlay-color":"","overlay-opacity":"","overlay-gradient":""}},"ast-content-background-meta":{"desktop":{"background-color":"var(--ast-global-color-5)","background-image":"","background-repeat":"repeat","background-position":"center center","background-size":"auto","background-attachment":"scroll","background-type":"","background-media":"","overlay-type":"","overlay-color":"","overlay-opacity":"","overlay-gradient":""},"tablet":{"background-color":"var(--ast-global-color-5)","background-image":"","background-repeat":"repeat","background-position":"center center","background-size":"auto","background-attachment":"scroll","background-type":"","background-media":"","overlay-type":"","overlay-color":"","overlay-opacity":"","overlay-gradient":""},"mobile":{"background-color":"var(--ast-global-color-5)","background-image":"","background-repeat":"repeat","background-position":"center center","background-size":"auto","background-attachment":"scroll","background-type":"","background-media":"","overlay-type":"","overlay-color":"","overlay-opacity":"","overlay-gradient":""}},"footnotes":""},"class_list":["post-31","page","type-page","status-publish","hentry"],"uagb_featured_image_src":{"full":false,"thumbnail":false,"medium":false,"medium_large":false,"large":false,"1536x1536":false,"2048x2048":false},"uagb_author_info":{"display_name":"admin","author_link":"https:\/\/mpky.net\/author\/admin\/"},"uagb_comment_info":0,"uagb_excerpt":"YHDISTYKSEN S\u00c4\u00c4NN\u00d6T MIKKELIN PALVELUSKOIRAYHDISTYS RY 1\u00a7 Yhdistyksen nimi, kotipaikka ja kieli Yhdistyksen nimi on Mikkelin Palveluskoirayhdistys ry (MPKY) ja sen [&hellip;]","_links":{"self":[{"href":"https:\/\/mpky.net\/wp-json\/wp\/v2\/pages\/31","targetHints":{"allow":["GET"]}}],"collection":[{"href":"https:\/\/mpky.net\/wp-json\/wp\/v2\/pages"}],"about":[{"href":"https:\/\/mpky.net\/wp-json\/wp\/v2\/types\/page"}],"author":[{"embeddable":true,"href":"https:\/\/mpky.net\/wp-json\/wp\/v2\/users\/1"}],"replies":[{"embeddable":true,"href":"https:\/\/mpky.net\/wp-json\/wp\/v2\/comments?post=31"}],"version-history":[{"count":5,"href":"https:\/\/mpky.net\/wp-json\/wp\/v2\/pages\/31\/revisions"}],"predecessor-version":[{"id":1124,"href":"https:\/\/mpky.net\/wp-json\/wp\/v2\/pages\/31\/revisions\/1124"}],"wp:attachment":[{"href":"https:\/\/mpky.net\/wp-json\/wp\/v2\/media?parent=31"}],"curies":[{"name":"wp","href":"https:\/\/api.w.org\/{rel}","templated":true}]}}