{"id":33,"date":"2022-07-29T09:05:59","date_gmt":"2022-07-29T09:05:59","guid":{"rendered":"https:\/\/mpky.net\/wp\/?page_id=33"},"modified":"2026-03-29T13:02:53","modified_gmt":"2026-03-29T11:02:53","slug":"yhteystiedot","status":"publish","type":"page","link":"https:\/\/mpky.net\/yhteystiedot\/","title":{"rendered":"Yhteystiedot"},"content":{"rendered":"\n<div class=\"wp-block-columns is-layout-flex wp-container-core-columns-is-layout-28f84493 wp-block-columns-is-layout-flex\">\n<div class=\"wp-block-column is-layout-flow wp-block-column-is-layout-flow\"><\/div>\n\n\n\n<div class=\"wp-block-column is-layout-flow wp-block-column-is-layout-flow\"><\/div>\n<\/div>\n\n\n\n<div class=\"wp-block-uagb-advanced-heading uagb-block-22594a3b\"><h2 class=\"uagb-heading-text\">YHTEYSTIEDOT<\/h2><\/div>\n\n\n\n<p><strong>Hallituksen s\u00e4hk\u00f6posti:<\/strong> hallitus@mpky.net<\/p>\n\n\n\n<p><strong>Puheenjohtaja:<\/strong> Niko-Petteri Pelkonen 045 2177447, puheenjohtaja@mpky.net<br><\/p>\n\n\n\n<p><strong>Rahastonhoitaja:<\/strong> Sirpa Rytilahti, rahastonhoitaja@mpky.net<\/p>\n\n\n\n<p><strong>J\u00e4sensihteeri:<\/strong> Sofia Suomela, jasensihteeri@mpky.net<\/p>\n\n\n\n<p>J\u00e4senrekisteri\u00e4 yll\u00e4pit\u00e4\u00e4 yhdistyksen j\u00e4sensihteeri. Muistathan ilmoittaa yhteystietojesi muuttumisesta h\u00e4nelle!<\/p>\n\n\n\n<p><\/p>\n\n\n\n<p><strong>Sihteeri<\/strong>: Tiffani Jylh\u00e4nniska, sihteeri@mpky.net<\/p>\n\n\n\n<p><strong>Laskutusosoite ja tilinumero<\/strong><\/p>\n\n\n\n<p>Mikkelin palveluskoirayhdistys ry<\/p>\n\n\n\n<p>Antellinkatu 20 A6 50700 Mikkeli, c\/o Niko-Petteri Pelkonen<\/p>\n\n\n\n<p>rahastonhoitaja@mpky.net<\/p>\n\n\n\n<p>Tilinumero FI50 5271 0440 1944 55<\/p>\n\n\n\n<p>Y-tunnus 0462312-5<\/p>\n\n\n\n<h2 class=\"wp-block-heading\"><strong>Toimikunnat ja lajivastaavat 2026<\/strong><\/h2>\n\n\n\n<p><strong>Koulutustoimikunta:&nbsp;<\/strong><\/p>\n\n\n\n<p><strong>Toimikunnan Puheenjohtaja:<\/strong><\/p>\n\n\n\n<p>Niko-Petteri Pelkonen<br>niko.pelkonen@mpky.net<br>045 2177447<\/p>\n\n\n\n<p><strong>Koetoimikunta<\/strong>:<\/p>\n\n\n\n<p><strong>Toimikunnan Puheenjohtaja:<\/strong><\/p>\n\n\n\n<p>Niko-Petteri Pelkonen<br>niko.pelkonen@mpky.net<br>045 2177447<\/p>\n\n\n\n<p><strong>Lajivastaavat<\/strong><\/p>\n\n\n\n<p><strong>Palveluskoiralajit<\/strong><\/p>\n\n\n\n<p>Melissa Merenheimo<br>melissa.merenheimo@gmail.com<br><\/p>\n\n\n\n<p><strong>Toko<\/strong><\/p>\n\n\n\n<p>Sofia Suomela <br>sofia.suomela@mpky.net<\/p>\n\n\n\n<p><strong>Rally-toko<\/strong><\/p>\n\n\n\n<p>Elviira Ojala<br>elviira.ojala@gmail.com<\/p>\n\n\n\n<p><strong>Arkitottelevaisuus<\/strong><\/p>\n\n\n\n<p>Henkil\u00f6\u00e4 haetaan aktiivisesti<\/p>\n\n\n\n<p><strong>Pelastuskoirat&nbsp;<\/strong><\/p>\n\n\n\n<p>Reetta Koponen&nbsp; <br>050 3516765<\/p>\n\n\n\n<p><strong>Vesipelastus<\/strong><\/p>\n\n\n\n<p>Satu Tirkkonen<br>tirkkonensatu@gmail.com<br>050 531 3034<\/p>\n\n\n\n<p><strong>Koira-ajelut&nbsp;<\/strong><\/p>\n\n\n\n<p>Sini Marjo<br>koira-ajelut@mpky.net<\/p>\n\n\n\n<p><strong>Kunnossapito<\/strong><\/p>\n\n\n\n<p>Jarmo Paavilainen<br>045 866 2123<\/p>\n\n\n\n<p><strong>Tiedotus ja nettisivut<\/strong><br><br><a href=\"mailto:tiedottaja@mpky.net\" target=\"_blank\" rel=\"noreferrer noopener\">tiedottaja@mpky.net<\/a><\/p>\n\n\n\n<p><\/p>\n","protected":false},"excerpt":{"rendered":"<p>YHTEYSTIEDOT Hallituksen s\u00e4hk\u00f6posti: hallitus@mpky.net Puheenjohtaja: Niko-Petteri Pelkonen 045 2177447, puheenjohtaja@mpky.net Rahastonhoitaja: Sirpa Rytilahti, rahastonhoitaja@mpky.net J\u00e4sensihteeri: Sofia Suomela, jasensihteeri@mpky.net J\u00e4senrekisteri\u00e4 yll\u00e4pit\u00e4\u00e4 [&hellip;]<\/p>\n","protected":false},"author":1,"featured_media":0,"parent":0,"menu_order":0,"comment_status":"closed","ping_status":"closed","template":"","meta":{"_uag_custom_page_level_css":"","site-sidebar-layout":"default","site-content-layout":"","ast-site-content-layout":"default","site-content-style":"default","site-sidebar-style":"default","ast-global-header-display":"","ast-banner-title-visibility":"","ast-main-header-display":"","ast-hfb-above-header-display":"","ast-hfb-below-header-display":"","ast-hfb-mobile-header-display":"","site-post-title":"disabled","ast-breadcrumbs-content":"","ast-featured-img":"","footer-sml-layout":"","ast-disable-related-posts":"","theme-transparent-header-meta":"","adv-header-id-meta":"","stick-header-meta":"","header-above-stick-meta":"","header-main-stick-meta":"","header-below-stick-meta":"","astra-migrate-meta-layouts":"default","ast-page-background-enabled":"default","ast-page-background-meta":{"desktop":{"background-color":"var(--ast-global-color-4)","background-image":"","background-repeat":"repeat","background-position":"center center","background-size":"auto","background-attachment":"scroll","background-type":"","background-media":"","overlay-type":"","overlay-color":"","overlay-opacity":"","overlay-gradient":""},"tablet":{"background-color":"","background-image":"","background-repeat":"repeat","background-position":"center center","background-size":"auto","background-attachment":"scroll","background-type":"","background-media":"","overlay-type":"","overlay-color":"","overlay-opacity":"","overlay-gradient":""},"mobile":{"background-color":"","background-image":"","background-repeat":"repeat","background-position":"center center","background-size":"auto","background-attachment":"scroll","background-type":"","background-media":"","overlay-type":"","overlay-color":"","overlay-opacity":"","overlay-gradient":""}},"ast-content-background-meta":{"desktop":{"background-color":"var(--ast-global-color-5)","background-image":"","background-repeat":"repeat","background-position":"center center","background-size":"auto","background-attachment":"scroll","background-type":"","background-media":"","overlay-type":"","overlay-color":"","overlay-opacity":"","overlay-gradient":""},"tablet":{"background-color":"var(--ast-global-color-5)","background-image":"","background-repeat":"repeat","background-position":"center center","background-size":"auto","background-attachment":"scroll","background-type":"","background-media":"","overlay-type":"","overlay-color":"","overlay-opacity":"","overlay-gradient":""},"mobile":{"background-color":"var(--ast-global-color-5)","background-image":"","background-repeat":"repeat","background-position":"center center","background-size":"auto","background-attachment":"scroll","background-type":"","background-media":"","overlay-type":"","overlay-color":"","overlay-opacity":"","overlay-gradient":""}},"footnotes":""},"class_list":["post-33","page","type-page","status-publish","hentry"],"uagb_featured_image_src":{"full":false,"thumbnail":false,"medium":false,"medium_large":false,"large":false,"1536x1536":false,"2048x2048":false},"uagb_author_info":{"display_name":"admin","author_link":"https:\/\/mpky.net\/author\/admin\/"},"uagb_comment_info":0,"uagb_excerpt":"YHTEYSTIEDOT Hallituksen s\u00e4hk\u00f6posti: hallitus@mpky.net Puheenjohtaja: Niko-Petteri Pelkonen 045 2177447, puheenjohtaja@mpky.net Rahastonhoitaja: Sirpa Rytilahti, rahastonhoitaja@mpky.net J\u00e4sensihteeri: Sofia Suomela, jasensihteeri@mpky.net J\u00e4senrekisteri\u00e4 yll\u00e4pit\u00e4\u00e4 [&hellip;]","_links":{"self":[{"href":"https:\/\/mpky.net\/wp-json\/wp\/v2\/pages\/33","targetHints":{"allow":["GET"]}}],"collection":[{"href":"https:\/\/mpky.net\/wp-json\/wp\/v2\/pages"}],"about":[{"href":"https:\/\/mpky.net\/wp-json\/wp\/v2\/types\/page"}],"author":[{"embeddable":true,"href":"https:\/\/mpky.net\/wp-json\/wp\/v2\/users\/1"}],"replies":[{"embeddable":true,"href":"https:\/\/mpky.net\/wp-json\/wp\/v2\/comments?post=33"}],"version-history":[{"count":35,"href":"https:\/\/mpky.net\/wp-json\/wp\/v2\/pages\/33\/revisions"}],"predecessor-version":[{"id":1094,"href":"https:\/\/mpky.net\/wp-json\/wp\/v2\/pages\/33\/revisions\/1094"}],"wp:attachment":[{"href":"https:\/\/mpky.net\/wp-json\/wp\/v2\/media?parent=33"}],"curies":[{"name":"wp","href":"https:\/\/api.w.org\/{rel}","templated":true}]}}