{"id":35,"date":"2022-07-29T09:06:11","date_gmt":"2022-07-29T09:06:11","guid":{"rendered":"https:\/\/mpky.net\/wp\/?page_id=35"},"modified":"2026-03-29T09:53:13","modified_gmt":"2026-03-29T07:53:13","slug":"lomakkeet","status":"publish","type":"page","link":"https:\/\/mpky.net\/lomakkeet\/","title":{"rendered":"Lomakkeet"},"content":{"rendered":"\n<div class=\"wp-block-columns is-layout-flex wp-container-core-columns-is-layout-28f84493 wp-block-columns-is-layout-flex\">\n<div class=\"wp-block-column is-layout-flow wp-block-column-is-layout-flow\"><\/div>\n\n\n\n<div class=\"wp-block-column is-layout-flow wp-block-column-is-layout-flow\"><\/div>\n<\/div>\n\n\n\n<div class=\"wp-block-uagb-advanced-heading uagb-block-b7e018d4\"><h2 class=\"uagb-heading-text\">Lomakkeet<\/h2><\/div>\n\n\n\n<p><strong>Osallistumismaksujen palautus<\/strong><\/p>\n\n\n\n<p>Kurssi- ja kilpailumaksujen palautusta haetaan yhdistyksen lomakkeella. Osallistumismaksu voidaan palauttaa, jos peruutetun tilalle saadaan toinen osallistuja tai jos palautuksen hakija esitt\u00e4\u00e4 l\u00e4\u00e4k\u00e4rin tai el\u00e4inl\u00e4\u00e4k\u00e4rin todistuksen sairaudesta\/nartun juoksusta.<\/p>\n\n\n\n<p><\/p>\n\n\n\n<p><strong>Tapahtumien\/koulutusten budjetointi, tilitykset ja maksut<\/strong><\/p>\n\n\n\n<p>Tapahtuman tai koulutusten vastaava huolehtii budjetoinnista niin, ett\u00e4 tulot kattavat kaikki menot (v\u00e4himmill\u00e4\u00e4n). Ulkopuolisten kouluttajien ja tuomareiden palkkiot maksetaan kulukorvauksena\/matkakorvauksena. Verokirjalla teht\u00e4v\u00e4\u00e4 ty\u00f6t\u00e4 ei voi laskuttaa. Ulkopuolisen kouluttajan majoittamisesta ja ruokahuollosta maksetaan j\u00e4senelle maksimissaan 50 \u20ac\/vrk. Kanttiinin tuloista ja menoista t\u00e4ytet\u00e4\u00e4n tilitys- ja\/tai laskulomake. Tilitett\u00e4v\u00e4t rahat ja mahdolliset laskut toimitetaan rahastonhoitajalle viikon kuluessa tapahtumasta.<\/p>\n\n\n\n<p><\/p>\n\n\n\n<p><strong>Kilometrikorvaus <\/strong><\/p>\n\n\n\n<p>Kouluttajille ja kurssien pit\u00e4jille voidaan maksaa kulukorvauksia verohallinnon ohjeiden mukaisesti. T\u00e4ll\u00f6in kyseeseen tulevat verovapaat kilometrikorvaukset ja p\u00e4iv\u00e4rahat. Jos kulukorvauksia maksetaan, on niist\u00e4 aina sit\u00e4 ennen teht\u00e4v\u00e4 matkalasku yhdistyksen lomakkeella. Matkalaskusta on ilmett\u00e4v\u00e4: matkan tarkoitus, kohde, matkareitti, matkustamistapa, matkan alkamisajankohta, matkan p\u00e4\u00e4ttymisajankohta, kilometrim\u00e4\u00e4r\u00e4 ja kilometrin yksikk\u00f6hinta 33 sentti\u00e4\/km. Matkalasku on allekirjoitettava ja toimitettava maksun maksajalle (rahastonhoitaja(at)mpky.net) ennen maksua. Matkakorvaus maksetaan, mik\u00e4li yhdensuuntainen matka ylitt\u00e4\u00e4 10 km.<\/p>\n\n\n\n<p>Yhdistyksen j\u00e4senet voivat hakea koulutusten matkoihin ja SM -kisojen osallistumiseen korvauksia. Tapahtumaan osallistujan on j\u00e4tett\u00e4v\u00e4 hallitukselle etuk\u00e4teen vapaamuotoinen hakemus, josta tulee n\u00e4ky\u00e4 matkan tarkoitus ja osallistujat. Mahdollisuuksien mukaan on k\u00e4ytett\u00e4v\u00e4 kimppakyytej\u00e4. Hallitus p\u00e4\u00e4tt\u00e4\u00e4 tapauskohtaisesti t\u00e4ytt\u00e4\u00e4k\u00f6 tapahtuma tuettavan koulutuksen tai kilpailun ehdot. Ensisijaisesti tuetaan SPKL:n j\u00e4rjest\u00e4mi\u00e4 koulutuksia (koetoimitsija, koulutusohjaaja ym. ja SM -kisoihin osallistumisia, jos osallistuja edustaa kilpailuissa yhdistyst\u00e4). Koulutusmatkoista maksetaan 0,33 \u20ac\/km ja Suomenmestaruuskilpailuihin osallistuville j\u00e4senille maksetaan ilmoittautumismaksu sek\u00e4 enint\u00e4\u00e4n 50 \u20ac bensarahaa matkasta riippuen.<\/p>\n\n\n\n<p>Muista kulukorvauksista tehd\u00e4\u00e4n yhdistyksen vuosikokouksessa erilliset p\u00e4\u00e4t\u00f6kset (esim. puhelimen k\u00e4ytt\u00f6, nettiliittym\u00e4n korvaus).<\/p>\n\n\n\n<p><strong>Lomakkeet sijaitsevat j\u00e4senryhm\u00e4ss\u00e4, jos tarvitset lomaketta, laita s\u00e4hk\u00f6postia j\u00e4sensihteeri@mpky.net<\/strong><\/p>\n\n\n\n<p><\/p>\n","protected":false},"excerpt":{"rendered":"<p>Lomakkeet Osallistumismaksujen palautus Kurssi- ja kilpailumaksujen palautusta haetaan yhdistyksen lomakkeella. Osallistumismaksu voidaan palauttaa, jos peruutetun tilalle saadaan toinen osallistuja tai [&hellip;]<\/p>\n","protected":false},"author":1,"featured_media":0,"parent":0,"menu_order":0,"comment_status":"closed","ping_status":"closed","template":"","meta":{"_uag_custom_page_level_css":"","site-sidebar-layout":"default","site-content-layout":"","ast-site-content-layout":"default","site-content-style":"default","site-sidebar-style":"default","ast-global-header-display":"","ast-banner-title-visibility":"","ast-main-header-display":"","ast-hfb-above-header-display":"","ast-hfb-below-header-display":"","ast-hfb-mobile-header-display":"","site-post-title":"disabled","ast-breadcrumbs-content":"","ast-featured-img":"","footer-sml-layout":"","ast-disable-related-posts":"","theme-transparent-header-meta":"","adv-header-id-meta":"","stick-header-meta":"","header-above-stick-meta":"","header-main-stick-meta":"","header-below-stick-meta":"","astra-migrate-meta-layouts":"default","ast-page-background-enabled":"default","ast-page-background-meta":{"desktop":{"background-color":"var(--ast-global-color-4)","background-image":"","background-repeat":"repeat","background-position":"center center","background-size":"auto","background-attachment":"scroll","background-type":"","background-media":"","overlay-type":"","overlay-color":"","overlay-opacity":"","overlay-gradient":""},"tablet":{"background-color":"","background-image":"","background-repeat":"repeat","background-position":"center center","background-size":"auto","background-attachment":"scroll","background-type":"","background-media":"","overlay-type":"","overlay-color":"","overlay-opacity":"","overlay-gradient":""},"mobile":{"background-color":"","background-image":"","background-repeat":"repeat","background-position":"center center","background-size":"auto","background-attachment":"scroll","background-type":"","background-media":"","overlay-type":"","overlay-color":"","overlay-opacity":"","overlay-gradient":""}},"ast-content-background-meta":{"desktop":{"background-color":"var(--ast-global-color-5)","background-image":"","background-repeat":"repeat","background-position":"center center","background-size":"auto","background-attachment":"scroll","background-type":"","background-media":"","overlay-type":"","overlay-color":"","overlay-opacity":"","overlay-gradient":""},"tablet":{"background-color":"var(--ast-global-color-5)","background-image":"","background-repeat":"repeat","background-position":"center center","background-size":"auto","background-attachment":"scroll","background-type":"","background-media":"","overlay-type":"","overlay-color":"","overlay-opacity":"","overlay-gradient":""},"mobile":{"background-color":"var(--ast-global-color-5)","background-image":"","background-repeat":"repeat","background-position":"center center","background-size":"auto","background-attachment":"scroll","background-type":"","background-media":"","overlay-type":"","overlay-color":"","overlay-opacity":"","overlay-gradient":""}},"footnotes":""},"class_list":["post-35","page","type-page","status-publish","hentry"],"uagb_featured_image_src":{"full":false,"thumbnail":false,"medium":false,"medium_large":false,"large":false,"1536x1536":false,"2048x2048":false},"uagb_author_info":{"display_name":"admin","author_link":"https:\/\/mpky.net\/author\/admin\/"},"uagb_comment_info":0,"uagb_excerpt":"Lomakkeet Osallistumismaksujen palautus Kurssi- ja kilpailumaksujen palautusta haetaan yhdistyksen lomakkeella. Osallistumismaksu voidaan palauttaa, jos peruutetun tilalle saadaan toinen osallistuja tai [&hellip;]","_links":{"self":[{"href":"https:\/\/mpky.net\/wp-json\/wp\/v2\/pages\/35","targetHints":{"allow":["GET"]}}],"collection":[{"href":"https:\/\/mpky.net\/wp-json\/wp\/v2\/pages"}],"about":[{"href":"https:\/\/mpky.net\/wp-json\/wp\/v2\/types\/page"}],"author":[{"embeddable":true,"href":"https:\/\/mpky.net\/wp-json\/wp\/v2\/users\/1"}],"replies":[{"embeddable":true,"href":"https:\/\/mpky.net\/wp-json\/wp\/v2\/comments?post=35"}],"version-history":[{"count":13,"href":"https:\/\/mpky.net\/wp-json\/wp\/v2\/pages\/35\/revisions"}],"predecessor-version":[{"id":1060,"href":"https:\/\/mpky.net\/wp-json\/wp\/v2\/pages\/35\/revisions\/1060"}],"wp:attachment":[{"href":"https:\/\/mpky.net\/wp-json\/wp\/v2\/media?parent=35"}],"curies":[{"name":"wp","href":"https:\/\/api.w.org\/{rel}","templated":true}]}}