{"id":42,"date":"2022-07-29T09:09:00","date_gmt":"2022-07-29T09:09:00","guid":{"rendered":"https:\/\/mpky.net\/wp\/?page_id=42"},"modified":"2026-03-30T12:45:49","modified_gmt":"2026-03-30T10:45:49","slug":"jaseneksi","status":"publish","type":"page","link":"https:\/\/mpky.net\/jaseneksi\/","title":{"rendered":"J\u00e4seneksi"},"content":{"rendered":"\n<div class=\"wp-block-columns is-layout-flex wp-container-core-columns-is-layout-28f84493 wp-block-columns-is-layout-flex\">\n<div class=\"wp-block-column is-layout-flow wp-block-column-is-layout-flow\"><\/div>\n\n\n\n<div class=\"wp-block-column is-layout-flow wp-block-column-is-layout-flow\"><\/div>\n<\/div>\n\n\n\n<p><strong>N\u00e4in liityt j\u00e4seneksi<\/strong><\/p>\n\n\n\n<p>J\u00e4seneksi liityt\u00e4\u00e4n t\u00e4ytt\u00e4m\u00e4ll\u00e4 lomake, jonka l\u00f6yd\u00e4t t\u00e4st\u00e4:&nbsp;<a href=\"https:\/\/docs.google.com\/forms\/d\/1xspJCuIftYVYv8oYAPDZXxazNo7eiwgiJSpaJuMbMwU\/edit?usp=drive_web&amp;ouid=106994868304769636349\">J\u00e4senhaku Lomake<\/a>, j\u00e4senmaksu lasku ja viitenumero toimitetaan sinulle, kun olemme saaneet yhteystietosi. Saat vahvistuksen liittymisest\u00e4si s\u00e4hk\u00f6postitse. \u00c4l\u00e4 maksa j\u00e4senmaksua ennen sit\u00e4.<\/p>\n\n\n\n<p>J\u00e4senille on luotu Facebook-ryhm\u00e4 &#8220;MPKY:n J\u00e4senet&#8221;. Huolehdi itse, ett\u00e4 sinut liitet\u00e4\u00e4n ryhm\u00e4\u00e4n. Ryhm\u00e4ss\u00e4 on ajankohtaisia asioita, kurssien ennakkomainokset ym. hy\u00f6dyllist\u00e4 tietoa.<\/p>\n\n\n\n<div class=\"wp-block-columns are-vertically-aligned-top is-layout-flex wp-container-core-columns-is-layout-e556172e wp-block-columns-is-layout-flex\" style=\"padding-top:var(--wp--preset--spacing--30);padding-right:0;padding-bottom:var(--wp--preset--spacing--30);padding-left:0\">\n<div class=\"wp-block-column is-vertically-aligned-top is-layout-flow wp-block-column-is-layout-flow\" style=\"flex-basis:100%\">\n<p>Oletko lukenut yhdistyksen s\u00e4\u00e4nn\u00f6t ja j\u00e4senyyteen liittyv\u00e4t asiat? Ne l\u00f6ytyv\u00e4t t\u00e4\u00e4lt\u00e4:<\/p>\n\n\n\n<div class=\"wp-block-uagb-buttons uagb-buttons__outer-wrap uagb-btn__default-btn uagb-btn-tablet__default-btn uagb-btn-mobile__default-btn uagb-block-62300f03\"><div class=\"uagb-buttons__wrap uagb-buttons-layout-wrap \">\n<div class=\"wp-block-uagb-buttons-child uagb-buttons__outer-wrap uagb-block-6fd4e614 wp-block-button\"><div class=\"uagb-button__wrapper\"><a class=\"uagb-buttons-repeater wp-block-button__link\" aria-label=\"\" href=\"https:\/\/mpky.net\/yhdistyksen-saannot\/\" rel=\"follow noopener\" target=\"_self\" role=\"button\"><div class=\"uagb-button__link\">Lis\u00e4tietoa<\/div><span class=\"uagb-button__icon uagb-button__icon-position-after\"><svg xmlns=\"https:\/\/www.w3.org\/2000\/svg\" viewBox=\"0 0 256 512\" aria-hidden=\"true\" focussable=\"false\"><path d=\"M64 448c-8.188 0-16.38-3.125-22.62-9.375c-12.5-12.5-12.5-32.75 0-45.25L178.8 256L41.38 118.6c-12.5-12.5-12.5-32.75 0-45.25s32.75-12.5 45.25 0l160 160c12.5 12.5 12.5 32.75 0 45.25l-160 160C80.38 444.9 72.19 448 64 448z\"><\/path><\/svg><\/span><\/a><\/div><\/div>\n<\/div><\/div>\n<\/div>\n<\/div>\n\n\n\n<p>Toivotamme sinut tervetulleeksi mukavan harrastuksen pariin!<\/p>\n\n\n\n<p><\/p>\n\n\n\n<p><strong>Entiset j\u00e4senet huom<\/strong>!<\/p>\n\n\n\n<p> Maksakaa j\u00e4senmaksu vasta saatuanne viitenumeron ja maksutiedot s.postitse. J\u00e4senmaksu on maksettava maaliskuun loppuun menness\u00e4.<\/p>\n\n\n\n<p>Ilmoitathan osoitteenmuutoksista j\u00e4sensihteerille osoitteeseen: jasensihteeri(at)mpky.net<\/p>\n\n\n\n<figure class=\"wp-block-image size-large is-resized\"><a href=\"https:\/\/mpky.net\/wp\/wp-content\/uploads\/2023\/01\/OL2A2056-1.jpg\"><img loading=\"lazy\" decoding=\"async\" width=\"1024\" height=\"683\" src=\"https:\/\/mpky.net\/wp\/wp-content\/uploads\/2023\/01\/OL2A2056-1-1024x683.jpg\" alt=\"OL2A2056 1 1024x683\" class=\"wp-image-269\" title=\"J\u00e4seneksi\" srcset=\"https:\/\/mpky.net\/wp\/wp-content\/uploads\/2023\/01\/OL2A2056-1-1024x683.jpg 1024w, https:\/\/mpky.net\/wp\/wp-content\/uploads\/2023\/01\/OL2A2056-1-300x200.jpg 300w, https:\/\/mpky.net\/wp\/wp-content\/uploads\/2023\/01\/OL2A2056-1-768x512.jpg 768w, https:\/\/mpky.net\/wp\/wp-content\/uploads\/2023\/01\/OL2A2056-1-1536x1024.jpg 1536w, https:\/\/mpky.net\/wp\/wp-content\/uploads\/2023\/01\/OL2A2056-1-2048x1365.jpg 2048w\" sizes=\"auto, (max-width: 1024px) 100vw, 1024px\" \/><\/a><\/figure>\n","protected":false},"excerpt":{"rendered":"<p>N\u00e4in liityt j\u00e4seneksi J\u00e4seneksi liityt\u00e4\u00e4n t\u00e4ytt\u00e4m\u00e4ll\u00e4 lomake, jonka l\u00f6yd\u00e4t t\u00e4st\u00e4:&nbsp;J\u00e4senhaku Lomake, j\u00e4senmaksu lasku ja viitenumero toimitetaan sinulle, kun olemme saaneet [&hellip;]<\/p>\n","protected":false},"author":1,"featured_media":0,"parent":0,"menu_order":0,"comment_status":"closed","ping_status":"closed","template":"","meta":{"_uag_custom_page_level_css":"","site-sidebar-layout":"default","site-content-layout":"","ast-site-content-layout":"default","site-content-style":"default","site-sidebar-style":"default","ast-global-header-display":"","ast-banner-title-visibility":"","ast-main-header-display":"","ast-hfb-above-header-display":"","ast-hfb-below-header-display":"","ast-hfb-mobile-header-display":"","site-post-title":"disabled","ast-breadcrumbs-content":"","ast-featured-img":"","footer-sml-layout":"","ast-disable-related-posts":"","theme-transparent-header-meta":"","adv-header-id-meta":"","stick-header-meta":"","header-above-stick-meta":"","header-main-stick-meta":"","header-below-stick-meta":"","astra-migrate-meta-layouts":"default","ast-page-background-enabled":"default","ast-page-background-meta":{"desktop":{"background-color":"var(--ast-global-color-4)","background-image":"","background-repeat":"repeat","background-position":"center center","background-size":"auto","background-attachment":"scroll","background-type":"","background-media":"","overlay-type":"","overlay-color":"","overlay-opacity":"","overlay-gradient":""},"tablet":{"background-color":"","background-image":"","background-repeat":"repeat","background-position":"center center","background-size":"auto","background-attachment":"scroll","background-type":"","background-media":"","overlay-type":"","overlay-color":"","overlay-opacity":"","overlay-gradient":""},"mobile":{"background-color":"","background-image":"","background-repeat":"repeat","background-position":"center center","background-size":"auto","background-attachment":"scroll","background-type":"","background-media":"","overlay-type":"","overlay-color":"","overlay-opacity":"","overlay-gradient":""}},"ast-content-background-meta":{"desktop":{"background-color":"var(--ast-global-color-5)","background-image":"","background-repeat":"repeat","background-position":"center center","background-size":"auto","background-attachment":"scroll","background-type":"","background-media":"","overlay-type":"","overlay-color":"","overlay-opacity":"","overlay-gradient":""},"tablet":{"background-color":"var(--ast-global-color-5)","background-image":"","background-repeat":"repeat","background-position":"center center","background-size":"auto","background-attachment":"scroll","background-type":"","background-media":"","overlay-type":"","overlay-color":"","overlay-opacity":"","overlay-gradient":""},"mobile":{"background-color":"var(--ast-global-color-5)","background-image":"","background-repeat":"repeat","background-position":"center center","background-size":"auto","background-attachment":"scroll","background-type":"","background-media":"","overlay-type":"","overlay-color":"","overlay-opacity":"","overlay-gradient":""}},"footnotes":""},"class_list":["post-42","page","type-page","status-publish","hentry"],"uagb_featured_image_src":{"full":false,"thumbnail":false,"medium":false,"medium_large":false,"large":false,"1536x1536":false,"2048x2048":false},"uagb_author_info":{"display_name":"admin","author_link":"https:\/\/mpky.net\/author\/admin\/"},"uagb_comment_info":0,"uagb_excerpt":"N\u00e4in liityt j\u00e4seneksi J\u00e4seneksi liityt\u00e4\u00e4n t\u00e4ytt\u00e4m\u00e4ll\u00e4 lomake, jonka l\u00f6yd\u00e4t t\u00e4st\u00e4:&nbsp;J\u00e4senhaku Lomake, j\u00e4senmaksu lasku ja viitenumero toimitetaan sinulle, kun olemme saaneet [&hellip;]","_links":{"self":[{"href":"https:\/\/mpky.net\/wp-json\/wp\/v2\/pages\/42","targetHints":{"allow":["GET"]}}],"collection":[{"href":"https:\/\/mpky.net\/wp-json\/wp\/v2\/pages"}],"about":[{"href":"https:\/\/mpky.net\/wp-json\/wp\/v2\/types\/page"}],"author":[{"embeddable":true,"href":"https:\/\/mpky.net\/wp-json\/wp\/v2\/users\/1"}],"replies":[{"embeddable":true,"href":"https:\/\/mpky.net\/wp-json\/wp\/v2\/comments?post=42"}],"version-history":[{"count":19,"href":"https:\/\/mpky.net\/wp-json\/wp\/v2\/pages\/42\/revisions"}],"predecessor-version":[{"id":1123,"href":"https:\/\/mpky.net\/wp-json\/wp\/v2\/pages\/42\/revisions\/1123"}],"wp:attachment":[{"href":"https:\/\/mpky.net\/wp-json\/wp\/v2\/media?parent=42"}],"curies":[{"name":"wp","href":"https:\/\/api.w.org\/{rel}","templated":true}]}}