{"id":46,"date":"2022-07-29T09:09:23","date_gmt":"2022-07-29T09:09:23","guid":{"rendered":"https:\/\/mpky.net\/wp\/?page_id=46"},"modified":"2026-03-29T13:07:32","modified_gmt":"2026-03-29T11:07:32","slug":"talkoot","status":"publish","type":"page","link":"https:\/\/mpky.net\/talkoot\/","title":{"rendered":"Talkoot"},"content":{"rendered":"\n<div class=\"wp-block-columns is-layout-flex wp-container-core-columns-is-layout-28f84493 wp-block-columns-is-layout-flex\">\n<div class=\"wp-block-column is-layout-flow wp-block-column-is-layout-flow\"><\/div>\n\n\n\n<div class=\"wp-block-column is-layout-flow wp-block-column-is-layout-flow\"><\/div>\n<\/div>\n\n\n\n<div class=\"wp-block-uagb-advanced-heading uagb-block-63484c2d\"><h2 class=\"uagb-heading-text\">TALKOOT<\/h2><\/div>\n\n\n\n<p>Jotta voimme toimia yhdistyksen\u00e4 onnistuneesti, on j\u00e4senten osallistuminen talkoisiin ensisijaisen t\u00e4rke\u00e4\u00e4. <\/p>\n\n\n\n<p><strong>TALKOOAKTIIVISUUDEN SEURANTA \/ RYHM\u00c4- JA KOULUTUSPAIKKOJEN JAKO<\/strong><\/p>\n\n\n\n<ol class=\"wp-block-list\">\n<li><strong>YLEIST\u00c4<\/strong><br>Ryhmiin ja koulutuksiin voivat hakea kaikki MPKY:n j\u00e4senet, joiden er\u00e4\u00e4ntyneet maksut on maksettu tai<br>poikkeustapauksissa on sovittu maksuohjelma rahastonhoitajan kanssa ja maksuohjelmaa on noudatettu.<br>J\u00e4senen talkoovelvoite on henkil\u00f6kohtainen. Perheenj\u00e4sen voi kartuttaa j\u00e4senen talkootunteja.<br>Hallitus vahvistaa sek\u00e4 ilmoittaa voimassa olevat tuntim\u00e4\u00e4r\u00e4t\/teht\u00e4v\u00e4.<br>Mik\u00e4li teht\u00e4v\u00e4n hoitaminen vaatii huomattavasti enemm\u00e4n aikaa, ylimenev\u00e4t tunnit voi<br>merkit\u00e4 erikseen. Asiasta sovitaan talkooteht\u00e4v\u00e4n vastuuhenkil\u00f6n kanssa. Tehtyjen tuntien siirto kaudelta toiselle ei kuitenkaan ole mahdollista.<br><\/li>\n\n\n\n<li><strong>RYHMIIN JA KOULUTUKSIIN VALINNAT<\/strong><br>J\u00e4sen, joka on hakuaikaa edelt\u00e4v\u00e4n\u00e4 kautena suorittanut talkooteht\u00e4vi\u00e4 v\u00e4hint\u00e4\u00e4n kahden (2) pisteen<br>edest\u00e4, on aina etusijalla valinnoissa ryhmiin tai koulutuksiin. Seuraavaksi otetaan huomioon kuluvan<br>kauden talkoovaraukset. Omalla aktiivisuudella voi siis vaikuttaa paikan varmistumiseen.<br><\/li>\n\n\n\n<li><strong>TALKOOPISTEIDEN KERTYMINEN<\/strong><br>Talkoot ovat merkitty talkootaulukkoon, talkootaulukon l\u00f6yd\u00e4t j\u00e4senien suljetusta ryhm\u00e4st\u00e4. Talkoiden arvottamiseen olemme kiinnitt\u00e4neet huomiota ja talkoista kertyv\u00e4t pisteet vastaavat talkoon laatua ja ajallista k\u00e4ytt\u00f6\u00e4. <\/li>\n<\/ol>\n\n\n\n<p>Talkoovelvoite tulee ensisijaisesti suorittaa erilaisissa tapahtumissa tai muissa yhdistyksen toimintaa<br>tukevissa toiminnoissa (esimerkiksi nurmikonleikkaus, klubin siivous, tapahtumiin leipominen).<br>Hallitus tai koulutustoimikunta voi p\u00e4\u00e4tt\u00e4\u00e4 saatavien talkoopisteiden m\u00e4\u00e4r\u00e4st\u00e4 yll\u00e4 olevan listan osalta sek\u00e4 p\u00e4\u00e4tt\u00e4\u00e4 muita lis\u00e4tapahtumia\/ teht\u00e4vi\u00e4, joista voi saada talkoopisteit\u00e4. L\u00e4ht\u00f6kohtaisesti ryhmien sis\u00e4ll\u00e4 tapahtuvat koulutukset eiv\u00e4t tuo talkoopisteit\u00e4. Hallitukselle sek\u00e4 koulutustoimikunnalle voi ehdottaa muita talkooteht\u00e4vi\u00e4 ja niist\u00e4 saatavia pisteit\u00e4.<br>Talkoovelvoite, ns. minimity\u00f6, on kaksi pistett\u00e4. T\u00e4m\u00e4 on koottava kauden aikana, jotta koirakko on<br>oikeutettu ryhm\u00e4paikkaan tai k\u00e4ytt\u00e4m\u00e4\u00e4n yhdistyksen palveluita seuraavalla kaudella. My\u00f6s uusilta<br>j\u00e4senilt\u00e4 vaaditaan treeniryhm\u00e4\u00e4n p\u00e4\u00e4st\u00e4kseen talkoovelvoite. Jos ryhm\u00e4paikan saa heti, talkoovelvoite<br>tulee t\u00e4ytt\u00e4\u00e4 kauden aikana. Jos talkoomahdollisuuksia ei ole kauden aikana, ei velvoitteen j\u00e4\u00e4mist\u00e4<br>t\u00e4yttym\u00e4tt\u00e4 huomioida. Hallitus voi vuoden alussa muuttaa talkoovelvoitteen m\u00e4\u00e4r\u00e4\u00e4.<br>Talkoovelvoitteen osalta hallitus tai koulutustoimikunta voi tapauskohtaista harkintaa k\u00e4ytt\u00e4en p\u00e4\u00e4tt\u00e4\u00e4<br>ryhm\u00e4valinnoista.<br><br><strong>Tarkennuksia talkoovelvoitteisiin:<\/strong><br>\u25cf Mik\u00e4li talkoovelvoitteen suorittaja haluaa itse jakaa kertyneen talkoopisteen toisen henkil\u00f6n<br>(perheenj\u00e4sen) kanssa, sopivat he kesken\u00e4\u00e4n tuntien jakamisesta.<br>\u25cf Talkooteht\u00e4v\u00e4 alkaa tapahtuman vastaavan henkil\u00f6n m\u00e4\u00e4rittelem\u00e4n\u00e4 ajankohtana ja p\u00e4\u00e4ttyy<br>teht\u00e4v\u00e4n\/teht\u00e4vien hoitamisen vaatiman ajan loppuun.<br>Talkooteht\u00e4vi\u00e4, mitk\u00e4 eiv\u00e4t ole aikaan sidottuja<br>Yhdistyksell\u00e4 on paljon teht\u00e4vi\u00e4, mitk\u00e4 eiv\u00e4t suoranaisesti ole aikaan tai paikkaan sidottuja, vaan n\u00e4it\u00e4<br>voidaan hoitaa vastuuhenkil\u00f6iden kanssa erikseen sopimalla. Mik\u00e4li haluat talkoovelvoitettasi suorittaa<br>n\u00e4ihin, niin ole yhteydess\u00e4 vastuuhenkil\u00f6\u00f6n ja sopikaa aikataulu sek\u00e4 teht\u00e4v\u00e4n sis\u00e4lt\u00f6<\/p>\n\n\n\n<p><br><strong>Kent\u00e4n ja Klubin kunnostus- ja siivousty\u00f6t<\/strong><br>\u25cf Kent\u00e4n kunnossapidosta vastaa <strong>Jarmo Paavilainen<\/strong><br>\u25cf Klubin sis\u00e4tiloista, siisteydest\u00e4 ja klubin tarvikkeiden hankinnat hoitavat: <strong>Niina Turkki <\/strong>&amp; <strong>Niina Hyt\u00f6nen<\/strong><br>Leipominen ja ruokahuollon toteuttaminen (tapahtumat ja koulutukset)<br>\u25cf Teht\u00e4v\u00e4n suorittaja hoitaa tarvikkeiden hankinnan ja toimittaa leivonnaiset\/ruuan\/ev\u00e4\u00e4t<br>tapahtumapaikalle, joko ennakkoon tai tapahtumap\u00e4iv\u00e4n\u00e4. (esimerkiksi BH-koe; ilmoittaudu<br>vastuuhenkil\u00f6lle ja sovi h\u00e4nen kanssaan, mit\u00e4 tarjoillaan ja miten tuotteet toimitetaan).<br>Mik\u00e4li talkooteht\u00e4vien hoidosta tulee materiaalikustannuksia, niin n\u00e4ist\u00e4 tulee sopia vastuuhenkil\u00f6n kanssa erikseen. P\u00e4\u00e4asiassa yhdistys korvaa kohtuulliset kustannukset kuittia vastaan.<\/p>\n\n\n\n<ol start=\"4\" class=\"wp-block-list\">\n<li><strong>TALKOIDEN VARAAMINEN JA TALKOOPISTEIDEN SEURANTA<\/strong><br>Talkoot varataan TALKOOVARAUSTAULUKOSTA, joka l\u00f6ytyy MPKY:n J\u00e4senet -Facebook-ryhm\u00e4st\u00e4<br>kiinnitettyn\u00e4 (Suositeltu) julkaisuna keskustelujen yl\u00e4puolelta. Taulukon v\u00e4lilehdilt\u00e4 l\u00f6yd\u00e4t kaikki t\u00e4ll\u00e4<br>hetkell\u00e4 tiedossa olevat talkooteht\u00e4v\u00e4t. Olet velvollinen ITSE merkitsem\u00e4\u00e4n sinulle sopivat talkoovuorot etuk\u00e4teen ja mahdollisimman ajoissa. Yhteenvetosivulta n\u00e4et reaaliajassa omat talkoopisteesi. V\u00e4lilehti\u00e4 on useita. Mobiililaitteella klikkaa ensin kyn\u00e4n kuvaa, niin p\u00e4\u00e4set muokkaamaan. V\u00e4lilehdet n\u00e4kyv\u00e4t alapalkissa. Mik\u00e4li sinulla on ongelmia taulukon t\u00e4yt\u00f6ss\u00e4, ota yhteytt\u00e4 joko puheenjohtaja@mpky.fi tai jasensihteeri@mpky.fi tai tapahtuman vastuuhenkil\u00f6\u00f6n.<\/li>\n<\/ol>\n\n\n\n<p>N\u00e4m\u00e4 talkoos\u00e4\u00e4nn\u00f6t on hyv\u00e4ksytty MPKY:n hallituksessa 4\/2024<\/p>\n\n\n\n<p><\/p>\n","protected":false},"excerpt":{"rendered":"<p>TALKOOT Jotta voimme toimia yhdistyksen\u00e4 onnistuneesti, on j\u00e4senten osallistuminen talkoisiin ensisijaisen t\u00e4rke\u00e4\u00e4. TALKOOAKTIIVISUUDEN SEURANTA \/ RYHM\u00c4- JA KOULUTUSPAIKKOJEN JAKO Talkoovelvoite [&hellip;]<\/p>\n","protected":false},"author":1,"featured_media":0,"parent":0,"menu_order":0,"comment_status":"closed","ping_status":"closed","template":"","meta":{"_uag_custom_page_level_css":"","site-sidebar-layout":"default","site-content-layout":"","ast-site-content-layout":"default","site-content-style":"default","site-sidebar-style":"default","ast-global-header-display":"","ast-banner-title-visibility":"","ast-main-header-display":"","ast-hfb-above-header-display":"","ast-hfb-below-header-display":"","ast-hfb-mobile-header-display":"","site-post-title":"disabled","ast-breadcrumbs-content":"","ast-featured-img":"","footer-sml-layout":"","ast-disable-related-posts":"","theme-transparent-header-meta":"","adv-header-id-meta":"","stick-header-meta":"","header-above-stick-meta":"","header-main-stick-meta":"","header-below-stick-meta":"","astra-migrate-meta-layouts":"default","ast-page-background-enabled":"default","ast-page-background-meta":{"desktop":{"background-color":"var(--ast-global-color-4)","background-image":"","background-repeat":"repeat","background-position":"center center","background-size":"auto","background-attachment":"scroll","background-type":"","background-media":"","overlay-type":"","overlay-color":"","overlay-opacity":"","overlay-gradient":""},"tablet":{"background-color":"","background-image":"","background-repeat":"repeat","background-position":"center center","background-size":"auto","background-attachment":"scroll","background-type":"","background-media":"","overlay-type":"","overlay-color":"","overlay-opacity":"","overlay-gradient":""},"mobile":{"background-color":"","background-image":"","background-repeat":"repeat","background-position":"center center","background-size":"auto","background-attachment":"scroll","background-type":"","background-media":"","overlay-type":"","overlay-color":"","overlay-opacity":"","overlay-gradient":""}},"ast-content-background-meta":{"desktop":{"background-color":"var(--ast-global-color-5)","background-image":"","background-repeat":"repeat","background-position":"center center","background-size":"auto","background-attachment":"scroll","background-type":"","background-media":"","overlay-type":"","overlay-color":"","overlay-opacity":"","overlay-gradient":""},"tablet":{"background-color":"var(--ast-global-color-5)","background-image":"","background-repeat":"repeat","background-position":"center center","background-size":"auto","background-attachment":"scroll","background-type":"","background-media":"","overlay-type":"","overlay-color":"","overlay-opacity":"","overlay-gradient":""},"mobile":{"background-color":"var(--ast-global-color-5)","background-image":"","background-repeat":"repeat","background-position":"center center","background-size":"auto","background-attachment":"scroll","background-type":"","background-media":"","overlay-type":"","overlay-color":"","overlay-opacity":"","overlay-gradient":""}},"footnotes":""},"class_list":["post-46","page","type-page","status-publish","hentry"],"uagb_featured_image_src":{"full":false,"thumbnail":false,"medium":false,"medium_large":false,"large":false,"1536x1536":false,"2048x2048":false},"uagb_author_info":{"display_name":"admin","author_link":"https:\/\/mpky.net\/author\/admin\/"},"uagb_comment_info":0,"uagb_excerpt":"TALKOOT Jotta voimme toimia yhdistyksen\u00e4 onnistuneesti, on j\u00e4senten osallistuminen talkoisiin ensisijaisen t\u00e4rke\u00e4\u00e4. TALKOOAKTIIVISUUDEN SEURANTA \/ RYHM\u00c4- JA KOULUTUSPAIKKOJEN JAKO Talkoovelvoite [&hellip;]","_links":{"self":[{"href":"https:\/\/mpky.net\/wp-json\/wp\/v2\/pages\/46","targetHints":{"allow":["GET"]}}],"collection":[{"href":"https:\/\/mpky.net\/wp-json\/wp\/v2\/pages"}],"about":[{"href":"https:\/\/mpky.net\/wp-json\/wp\/v2\/types\/page"}],"author":[{"embeddable":true,"href":"https:\/\/mpky.net\/wp-json\/wp\/v2\/users\/1"}],"replies":[{"embeddable":true,"href":"https:\/\/mpky.net\/wp-json\/wp\/v2\/comments?post=46"}],"version-history":[{"count":11,"href":"https:\/\/mpky.net\/wp-json\/wp\/v2\/pages\/46\/revisions"}],"predecessor-version":[{"id":1098,"href":"https:\/\/mpky.net\/wp-json\/wp\/v2\/pages\/46\/revisions\/1098"}],"wp:attachment":[{"href":"https:\/\/mpky.net\/wp-json\/wp\/v2\/media?parent=46"}],"curies":[{"name":"wp","href":"https:\/\/api.w.org\/{rel}","templated":true}]}}