{"id":50,"date":"2022-07-29T09:09:39","date_gmt":"2022-07-29T09:09:39","guid":{"rendered":"https:\/\/mpky.net\/wp\/?page_id=50"},"modified":"2026-03-29T08:50:39","modified_gmt":"2026-03-29T06:50:39","slug":"haku","status":"publish","type":"page","link":"https:\/\/mpky.net\/haku\/","title":{"rendered":"Haku"},"content":{"rendered":"\n<div class=\"wp-block-columns is-layout-flex wp-container-core-columns-is-layout-28f84493 wp-block-columns-is-layout-flex\">\n<div class=\"wp-block-column is-layout-flow wp-block-column-is-layout-flow\"><\/div>\n\n\n\n<div class=\"wp-block-column is-layout-flow wp-block-column-is-layout-flow\"><\/div>\n<\/div>\n\n\n\n<p>Hakukoiran kouluttaminen vie aikaa, mutta se tuo paljon iloa sek\u00e4 koiralle ett\u00e4 ohjaajalle. Haku tarkoittaa, ett\u00e4 koira etsii ilmavainunsa avulla mets\u00e4\u00e4n piiloutuneita ihmisi\u00e4 eli \u201dmaalimiehi\u00e4\u201d. Hakualueen keskell\u00e4 kulkee pituussuunnassa keskilinja, jota ohjaaja kulkee eteenp\u00e4in ja josta koira l\u00e4hetet\u00e4\u00e4n etsim\u00e4\u00e4n j\u00e4rjestelm\u00e4llisesti vuorotellen kummallekin puolelle. Hakualue on tallattu, eik\u00e4 koiran pit\u00e4isi j\u00e4ljest\u00e4\u00e4, vaan etsi\u00e4 nimenomaan ilmavirtojen mukana kulkeutuvien hajujen perusteella. Koira ilmaisee l\u00f6ydetyn maalimiehen joko haukkumalla tai tuomalla kaulassa roikkuvan rullan ohjaajalle, jonka kanssa yhdess\u00e4 palataan maalimiehen luo.<\/p>\n\n\n\n<p>Hakukoiraa ei voi kouluttaa yksin vaan harjoitteluun tarvitaan hyvin toimiva ryhm\u00e4. Jokainen ryhm\u00e4n j\u00e4sen kouluttaa oman koiransa lis\u00e4ksi toisten koiria toimimalla maalimiehen\u00e4. Hakuryhm\u00e4n tulee olla sitoutunut, yhteisvastuullinen ja tavoitteellinen. Vain sill\u00e4 tavalla koulutus etenee ja kokeeseen osallistuminen mahdollistuu. Palveluskoirakokeisiin voivat osallistua vain kilpailuoikeuden omaavat rodut.<\/p>\n\n\n\n<p>Hakukoiran tulee olla sosiaalinen ja suhtautua vieraisiin ihmisiin avoimesti. Pieni ujous ei haittaa. Alkuharjoituksissa keskeist\u00e4 on maalimiesmotivaation kasvattaminen ja sytyttely lajia kohtaan. Treenien my\u00f6t\u00e4 ujous hyvinkin unohtuu. Koulutus voidaan hyvin aloittaa jo pentuna. Koira ei miss\u00e4\u00e4n tapauksessa saa olla aggressiivinen.<\/p>\n\n\n\n<p>Ohjaajan tulee siet\u00e4\u00e4 pient\u00e4 ep\u00e4mukavuutta, sill\u00e4 koulutus tapahtuu mets\u00e4ss\u00e4 s\u00e4\u00e4ll\u00e4 kuin s\u00e4\u00e4ll\u00e4. Ohjaajalla tulee olla my\u00f6s riitt\u00e4v\u00e4 peruskunto vaihtelevassa maastossa liikkumiseen. Ilman omaa autoa hakuharrastus on vaikeaa. Maastot sijaitsevat eri puolilla Mikkeli\u00e4 noin 20 km s\u00e4teell\u00e4. Hakuradalla ty\u00f6skentelee yksi koira kerrallaan jolloin muut odottavat vuoroaan autoissa.&nbsp;<\/p>\n\n\n\n<p>Hakukokeen henkil\u00f6etsinn\u00e4ss\u00e4 koiran tulee etsi\u00e4, l\u00f6yt\u00e4\u00e4 ja ilmaista merkitylt\u00e4 alueelta sinne piiloutuneet 3 ihmisi\u00e4. Henkil\u00f6hakualueen koko kasvaa koeluokittain. 1-luokassa alue on kooltaan 100 m x 100 m, ja etsint\u00e4aika 8 minuuttia. 2-luokassa 100 m x 200 m, ja etsint\u00e4aikaa on 13 minuuttia ja 3-luokassa 100 m x 300 m, ja etsint\u00e4aikaa on 17 minuuttia. Alueen keskilinja on merkitty, ja ohjaaja kulkee t\u00e4t\u00e4 merkitty\u00e4 linjaa pitkin ohjatessaan koiran etsint\u00e4\u00e4. Hakukokeessa esineiden etsiminen eli esineruutu kuuluu joka kilpailuluokkaan. Kokeessa on my\u00f6s tottelevaisuusosio, joka suoritetaan kent\u00e4ll\u00e4.<\/p>\n\n\n\n<p>PK-vastaava: Melissa Merenheimo melissa.merenheimo@gmail.com<\/p>\n\n\n\n<figure class=\"wp-block-embed is-type-video is-provider-youtube wp-block-embed-youtube wp-embed-aspect-16-9 wp-has-aspect-ratio\"><div class=\"wp-block-embed__wrapper\">\n<iframe loading=\"lazy\" title=\"Haku\" width=\"500\" height=\"281\" src=\"https:\/\/www.youtube.com\/embed\/-sNVOXoY8Cg?feature=oembed\" frameborder=\"0\" allow=\"accelerometer; autoplay; clipboard-write; encrypted-media; gyroscope; picture-in-picture; web-share\" referrerpolicy=\"strict-origin-when-cross-origin\" allowfullscreen><\/iframe>\n<\/div><\/figure>\n","protected":false},"excerpt":{"rendered":"<p>Hakukoiran kouluttaminen vie aikaa, mutta se tuo paljon iloa sek\u00e4 koiralle ett\u00e4 ohjaajalle. Haku tarkoittaa, ett\u00e4 koira etsii ilmavainunsa avulla [&hellip;]<\/p>\n","protected":false},"author":1,"featured_media":0,"parent":0,"menu_order":0,"comment_status":"closed","ping_status":"closed","template":"","meta":{"_uag_custom_page_level_css":"","site-sidebar-layout":"default","site-content-layout":"","ast-site-content-layout":"default","site-content-style":"default","site-sidebar-style":"default","ast-global-header-display":"","ast-banner-title-visibility":"","ast-main-header-display":"","ast-hfb-above-header-display":"","ast-hfb-below-header-display":"","ast-hfb-mobile-header-display":"","site-post-title":"disabled","ast-breadcrumbs-content":"","ast-featured-img":"disabled","footer-sml-layout":"","ast-disable-related-posts":"","theme-transparent-header-meta":"","adv-header-id-meta":"","stick-header-meta":"","header-above-stick-meta":"","header-main-stick-meta":"","header-below-stick-meta":"","astra-migrate-meta-layouts":"default","ast-page-background-enabled":"default","ast-page-background-meta":{"desktop":{"background-color":"var(--ast-global-color-4)","background-image":"","background-repeat":"repeat","background-position":"center center","background-size":"auto","background-attachment":"scroll","background-type":"","background-media":"","overlay-type":"","overlay-color":"","overlay-opacity":"","overlay-gradient":""},"tablet":{"background-color":"","background-image":"","background-repeat":"repeat","background-position":"center center","background-size":"auto","background-attachment":"scroll","background-type":"","background-media":"","overlay-type":"","overlay-color":"","overlay-opacity":"","overlay-gradient":""},"mobile":{"background-color":"","background-image":"","background-repeat":"repeat","background-position":"center center","background-size":"auto","background-attachment":"scroll","background-type":"","background-media":"","overlay-type":"","overlay-color":"","overlay-opacity":"","overlay-gradient":""}},"ast-content-background-meta":{"desktop":{"background-color":"var(--ast-global-color-5)","background-image":"","background-repeat":"repeat","background-position":"center center","background-size":"auto","background-attachment":"scroll","background-type":"","background-media":"","overlay-type":"","overlay-color":"","overlay-opacity":"","overlay-gradient":""},"tablet":{"background-color":"var(--ast-global-color-5)","background-image":"","background-repeat":"repeat","background-position":"center center","background-size":"auto","background-attachment":"scroll","background-type":"","background-media":"","overlay-type":"","overlay-color":"","overlay-opacity":"","overlay-gradient":""},"mobile":{"background-color":"var(--ast-global-color-5)","background-image":"","background-repeat":"repeat","background-position":"center center","background-size":"auto","background-attachment":"scroll","background-type":"","background-media":"","overlay-type":"","overlay-color":"","overlay-opacity":"","overlay-gradient":""}},"footnotes":""},"class_list":["post-50","page","type-page","status-publish","hentry"],"uagb_featured_image_src":{"full":false,"thumbnail":false,"medium":false,"medium_large":false,"large":false,"1536x1536":false,"2048x2048":false},"uagb_author_info":{"display_name":"admin","author_link":"https:\/\/mpky.net\/author\/admin\/"},"uagb_comment_info":0,"uagb_excerpt":"Hakukoiran kouluttaminen vie aikaa, mutta se tuo paljon iloa sek\u00e4 koiralle ett\u00e4 ohjaajalle. Haku tarkoittaa, ett\u00e4 koira etsii ilmavainunsa avulla [&hellip;]","_links":{"self":[{"href":"https:\/\/mpky.net\/wp-json\/wp\/v2\/pages\/50","targetHints":{"allow":["GET"]}}],"collection":[{"href":"https:\/\/mpky.net\/wp-json\/wp\/v2\/pages"}],"about":[{"href":"https:\/\/mpky.net\/wp-json\/wp\/v2\/types\/page"}],"author":[{"embeddable":true,"href":"https:\/\/mpky.net\/wp-json\/wp\/v2\/users\/1"}],"replies":[{"embeddable":true,"href":"https:\/\/mpky.net\/wp-json\/wp\/v2\/comments?post=50"}],"version-history":[{"count":6,"href":"https:\/\/mpky.net\/wp-json\/wp\/v2\/pages\/50\/revisions"}],"predecessor-version":[{"id":1010,"href":"https:\/\/mpky.net\/wp-json\/wp\/v2\/pages\/50\/revisions\/1010"}],"wp:attachment":[{"href":"https:\/\/mpky.net\/wp-json\/wp\/v2\/media?parent=50"}],"curies":[{"name":"wp","href":"https:\/\/api.w.org\/{rel}","templated":true}]}}