{"id":52,"date":"2022-07-29T09:09:47","date_gmt":"2022-07-29T09:09:47","guid":{"rendered":"https:\/\/mpky.net\/wp\/?page_id=52"},"modified":"2026-03-29T09:59:47","modified_gmt":"2026-03-29T07:59:47","slug":"vepe","status":"publish","type":"page","link":"https:\/\/mpky.net\/vepe\/","title":{"rendered":"VEPE"},"content":{"rendered":"\n<div class=\"wp-block-columns is-layout-flex wp-container-core-columns-is-layout-28f84493 wp-block-columns-is-layout-flex\">\n<div class=\"wp-block-column is-layout-flow wp-block-column-is-layout-flow\"><\/div>\n\n\n\n<div class=\"wp-block-column is-layout-flow wp-block-column-is-layout-flow\"><\/div>\n<\/div>\n\n\n\n<div class=\"wp-block-uagb-advanced-heading uagb-block-1eded11b\"><h2 class=\"uagb-heading-text\">VEPE = Vesipelastus<\/h2><\/div>\n\n\n\n<p>Rakastaako koirasi uimista? Eik\u00e4 sinua haittaa, vaikka v\u00e4lill\u00e4 kastuisit itsekin? Silloin vesipelastus eli vepe voisi olla teid\u00e4n lajinne!<\/p>\n\n\n\n<p>Yhdistyksen vesipelastusryhm\u00e4 harjoittelee 1-2 kertaa viikossa kes\u00e4kaudella (n. kes\u00e4-syyskuu). Toimintaan voi tulla tutustumaan normaalien treenien yhteyteen. Pyrimme my\u00f6s vuosittain j\u00e4rjest\u00e4m\u00e4\u00e4n erillisen lajiintutustumisp\u00e4iv\u00e4n, jolloin p\u00e4\u00e4see sek\u00e4 n\u00e4kem\u00e4\u00e4n osaavampien koirien suorituksia, ett\u00e4 kokeilemaan itse oman koiran kanssa.<\/p>\n\n\n\n<p>VEPE-vastaava: Satu Tirkkonen, tirkkonensatu@gmail.com, 050 531 3034<\/p>\n\n\n\n<figure class=\"wp-block-image size-full is-resized\"><a href=\"https:\/\/mpky.net\/wp\/wp-content\/uploads\/2023\/01\/OL2A9530-1-1.jpg\"><img loading=\"lazy\" decoding=\"async\" width=\"1024\" height=\"683\" src=\"https:\/\/mpky.net\/wp\/wp-content\/uploads\/2023\/01\/OL2A9530-1-1.jpg\" alt=\"OL2A9530 1 1\" class=\"wp-image-254\" style=\"width:1196px;height:auto\" title=\"VEPE\" srcset=\"https:\/\/mpky.net\/wp\/wp-content\/uploads\/2023\/01\/OL2A9530-1-1.jpg 1024w, https:\/\/mpky.net\/wp\/wp-content\/uploads\/2023\/01\/OL2A9530-1-1-300x200.jpg 300w, https:\/\/mpky.net\/wp\/wp-content\/uploads\/2023\/01\/OL2A9530-1-1-768x512.jpg 768w\" sizes=\"auto, (max-width: 1024px) 100vw, 1024px\" \/><\/a><figcaption class=\"wp-element-caption\">Kuva: Essi Rahikainen<\/figcaption><\/figure>\n\n\n\n<figure class=\"wp-block-embed is-type-video is-provider-youtube wp-block-embed-youtube wp-embed-aspect-16-9 wp-has-aspect-ratio\"><div class=\"wp-block-embed__wrapper\">\n<iframe loading=\"lazy\" title=\"Vepe\" width=\"500\" height=\"281\" src=\"https:\/\/www.youtube.com\/embed\/vuaOriKTQGo?feature=oembed\" frameborder=\"0\" allow=\"accelerometer; autoplay; clipboard-write; encrypted-media; gyroscope; picture-in-picture; web-share\" referrerpolicy=\"strict-origin-when-cross-origin\" allowfullscreen><\/iframe>\n<\/div><\/figure>\n","protected":false},"excerpt":{"rendered":"<p>VEPE = Vesipelastus Rakastaako koirasi uimista? Eik\u00e4 sinua haittaa, vaikka v\u00e4lill\u00e4 kastuisit itsekin? Silloin vesipelastus eli vepe voisi olla teid\u00e4n [&hellip;]<\/p>\n","protected":false},"author":1,"featured_media":0,"parent":0,"menu_order":0,"comment_status":"closed","ping_status":"closed","template":"","meta":{"_uag_custom_page_level_css":"","site-sidebar-layout":"default","site-content-layout":"","ast-site-content-layout":"default","site-content-style":"default","site-sidebar-style":"default","ast-global-header-display":"","ast-banner-title-visibility":"","ast-main-header-display":"","ast-hfb-above-header-display":"","ast-hfb-below-header-display":"","ast-hfb-mobile-header-display":"","site-post-title":"disabled","ast-breadcrumbs-content":"","ast-featured-img":"","footer-sml-layout":"","ast-disable-related-posts":"","theme-transparent-header-meta":"","adv-header-id-meta":"","stick-header-meta":"","header-above-stick-meta":"","header-main-stick-meta":"","header-below-stick-meta":"","astra-migrate-meta-layouts":"default","ast-page-background-enabled":"default","ast-page-background-meta":{"desktop":{"background-color":"var(--ast-global-color-4)","background-image":"","background-repeat":"repeat","background-position":"center center","background-size":"auto","background-attachment":"scroll","background-type":"","background-media":"","overlay-type":"","overlay-color":"","overlay-opacity":"","overlay-gradient":""},"tablet":{"background-color":"","background-image":"","background-repeat":"repeat","background-position":"center center","background-size":"auto","background-attachment":"scroll","background-type":"","background-media":"","overlay-type":"","overlay-color":"","overlay-opacity":"","overlay-gradient":""},"mobile":{"background-color":"","background-image":"","background-repeat":"repeat","background-position":"center center","background-size":"auto","background-attachment":"scroll","background-type":"","background-media":"","overlay-type":"","overlay-color":"","overlay-opacity":"","overlay-gradient":""}},"ast-content-background-meta":{"desktop":{"background-color":"var(--ast-global-color-5)","background-image":"","background-repeat":"repeat","background-position":"center center","background-size":"auto","background-attachment":"scroll","background-type":"","background-media":"","overlay-type":"","overlay-color":"","overlay-opacity":"","overlay-gradient":""},"tablet":{"background-color":"var(--ast-global-color-5)","background-image":"","background-repeat":"repeat","background-position":"center center","background-size":"auto","background-attachment":"scroll","background-type":"","background-media":"","overlay-type":"","overlay-color":"","overlay-opacity":"","overlay-gradient":""},"mobile":{"background-color":"var(--ast-global-color-5)","background-image":"","background-repeat":"repeat","background-position":"center center","background-size":"auto","background-attachment":"scroll","background-type":"","background-media":"","overlay-type":"","overlay-color":"","overlay-opacity":"","overlay-gradient":""}},"footnotes":""},"class_list":["post-52","page","type-page","status-publish","hentry"],"uagb_featured_image_src":{"full":false,"thumbnail":false,"medium":false,"medium_large":false,"large":false,"1536x1536":false,"2048x2048":false},"uagb_author_info":{"display_name":"admin","author_link":"https:\/\/mpky.net\/author\/admin\/"},"uagb_comment_info":0,"uagb_excerpt":"VEPE = Vesipelastus Rakastaako koirasi uimista? Eik\u00e4 sinua haittaa, vaikka v\u00e4lill\u00e4 kastuisit itsekin? Silloin vesipelastus eli vepe voisi olla teid\u00e4n [&hellip;]","_links":{"self":[{"href":"https:\/\/mpky.net\/wp-json\/wp\/v2\/pages\/52","targetHints":{"allow":["GET"]}}],"collection":[{"href":"https:\/\/mpky.net\/wp-json\/wp\/v2\/pages"}],"about":[{"href":"https:\/\/mpky.net\/wp-json\/wp\/v2\/types\/page"}],"author":[{"embeddable":true,"href":"https:\/\/mpky.net\/wp-json\/wp\/v2\/users\/1"}],"replies":[{"embeddable":true,"href":"https:\/\/mpky.net\/wp-json\/wp\/v2\/comments?post=52"}],"version-history":[{"count":10,"href":"https:\/\/mpky.net\/wp-json\/wp\/v2\/pages\/52\/revisions"}],"predecessor-version":[{"id":1067,"href":"https:\/\/mpky.net\/wp-json\/wp\/v2\/pages\/52\/revisions\/1067"}],"wp:attachment":[{"href":"https:\/\/mpky.net\/wp-json\/wp\/v2\/media?parent=52"}],"curies":[{"name":"wp","href":"https:\/\/api.w.org\/{rel}","templated":true}]}}