{"id":56,"date":"2022-07-29T09:10:32","date_gmt":"2022-07-29T09:10:32","guid":{"rendered":"https:\/\/mpky.net\/wp\/?page_id=56"},"modified":"2026-03-29T09:10:15","modified_gmt":"2026-03-29T07:10:15","slug":"kentta","status":"publish","type":"page","link":"https:\/\/mpky.net\/kentta\/","title":{"rendered":"Kentt\u00e4"},"content":{"rendered":"\n<div class=\"wp-block-columns is-layout-flex wp-container-core-columns-is-layout-28f84493 wp-block-columns-is-layout-flex\">\n<div class=\"wp-block-column is-layout-flow wp-block-column-is-layout-flow\"><\/div>\n\n\n\n<div class=\"wp-block-column is-layout-flow wp-block-column-is-layout-flow\"><\/div>\n<\/div>\n\n\n\n<div class=\"wp-block-uagb-advanced-heading uagb-block-68c88e4c\"><h2 class=\"uagb-heading-text\">Koulutuskentt\u00e4<\/h2><\/div>\n\n\n\n<p><strong>MPKY:N LENTOKENT\u00c4N KOULUTUSKENTT\u00c4<\/strong> on vapaasti MPKY:n j\u00e4senten k\u00e4yt\u00f6ss\u00e4, huomioiden kalenterissa n\u00e4kyv\u00e4t kentt\u00e4varaukset.&nbsp;Muistathan siis vilkaista kent\u00e4n kalenteria ettei sit\u00e4 ole varattu kenellek\u00e4\u00e4n erikseen. Kent\u00e4n kalenterin l\u00f6yd\u00e4t mpky:n nettisivuilta kohdasta Kentt\u00e4 &gt; Kalenteri.<\/p>\n\n\n\n<p>Kent\u00e4n koko on P: 100m x L: 48m<\/p>\n\n\n\n<p><\/p>\n\n\n\n<p><strong>KARKIALAMMEN<\/strong>\u00a0kuntotalon kentt\u00e4 2 on ollut my\u00f6s k\u00e4yt\u00f6ss\u00e4mme 1.5.2017 alkaen. <\/p>\n\n\n\n<p>Puolustusvoimilla on aina etuoikeus kent\u00e4n k\u00e4ytt\u00f6\u00f6n, v\u00e4ist\u00e4mme heit\u00e4 jos tarve vaatii. Helikopterilaskeutuminen vuoron aikana mahdollista.<\/p>\n\n\n\n<figure class=\"wp-block-image size-large\"><a href=\"https:\/\/mpky.net\/wp\/wp-content\/uploads\/2023\/01\/thumbnail_image5.jpg\"><img loading=\"lazy\" decoding=\"async\" width=\"1024\" height=\"558\" src=\"https:\/\/mpky.net\/wp\/wp-content\/uploads\/2023\/01\/thumbnail_image5-1024x558.jpg\" alt=\"Thumbnail Image5 1024x558\" class=\"wp-image-260\" title=\"Kentt\u00e4\" srcset=\"https:\/\/mpky.net\/wp\/wp-content\/uploads\/2023\/01\/thumbnail_image5-1024x558.jpg 1024w, https:\/\/mpky.net\/wp\/wp-content\/uploads\/2023\/01\/thumbnail_image5-300x163.jpg 300w, https:\/\/mpky.net\/wp\/wp-content\/uploads\/2023\/01\/thumbnail_image5-768x418.jpg 768w, https:\/\/mpky.net\/wp\/wp-content\/uploads\/2023\/01\/thumbnail_image5.jpg 1280w\" sizes=\"auto, (max-width: 1024px) 100vw, 1024px\" \/><\/a><\/figure>\n","protected":false},"excerpt":{"rendered":"<p>Koulutuskentt\u00e4 MPKY:N LENTOKENT\u00c4N KOULUTUSKENTT\u00c4 on vapaasti MPKY:n j\u00e4senten k\u00e4yt\u00f6ss\u00e4, huomioiden kalenterissa n\u00e4kyv\u00e4t kentt\u00e4varaukset.&nbsp;Muistathan siis vilkaista kent\u00e4n kalenteria ettei sit\u00e4 ole [&hellip;]<\/p>\n","protected":false},"author":1,"featured_media":0,"parent":0,"menu_order":0,"comment_status":"closed","ping_status":"closed","template":"","meta":{"_uag_custom_page_level_css":"","site-sidebar-layout":"default","site-content-layout":"","ast-site-content-layout":"default","site-content-style":"default","site-sidebar-style":"default","ast-global-header-display":"","ast-banner-title-visibility":"","ast-main-header-display":"","ast-hfb-above-header-display":"","ast-hfb-below-header-display":"","ast-hfb-mobile-header-display":"","site-post-title":"disabled","ast-breadcrumbs-content":"","ast-featured-img":"","footer-sml-layout":"","ast-disable-related-posts":"","theme-transparent-header-meta":"","adv-header-id-meta":"","stick-header-meta":"","header-above-stick-meta":"","header-main-stick-meta":"","header-below-stick-meta":"","astra-migrate-meta-layouts":"default","ast-page-background-enabled":"default","ast-page-background-meta":{"desktop":{"background-color":"var(--ast-global-color-4)","background-image":"","background-repeat":"repeat","background-position":"center center","background-size":"auto","background-attachment":"scroll","background-type":"","background-media":"","overlay-type":"","overlay-color":"","overlay-opacity":"","overlay-gradient":""},"tablet":{"background-color":"","background-image":"","background-repeat":"repeat","background-position":"center center","background-size":"auto","background-attachment":"scroll","background-type":"","background-media":"","overlay-type":"","overlay-color":"","overlay-opacity":"","overlay-gradient":""},"mobile":{"background-color":"","background-image":"","background-repeat":"repeat","background-position":"center center","background-size":"auto","background-attachment":"scroll","background-type":"","background-media":"","overlay-type":"","overlay-color":"","overlay-opacity":"","overlay-gradient":""}},"ast-content-background-meta":{"desktop":{"background-color":"var(--ast-global-color-5)","background-image":"","background-repeat":"repeat","background-position":"center center","background-size":"auto","background-attachment":"scroll","background-type":"","background-media":"","overlay-type":"","overlay-color":"","overlay-opacity":"","overlay-gradient":""},"tablet":{"background-color":"var(--ast-global-color-5)","background-image":"","background-repeat":"repeat","background-position":"center center","background-size":"auto","background-attachment":"scroll","background-type":"","background-media":"","overlay-type":"","overlay-color":"","overlay-opacity":"","overlay-gradient":""},"mobile":{"background-color":"var(--ast-global-color-5)","background-image":"","background-repeat":"repeat","background-position":"center center","background-size":"auto","background-attachment":"scroll","background-type":"","background-media":"","overlay-type":"","overlay-color":"","overlay-opacity":"","overlay-gradient":""}},"footnotes":""},"class_list":["post-56","page","type-page","status-publish","hentry"],"uagb_featured_image_src":{"full":false,"thumbnail":false,"medium":false,"medium_large":false,"large":false,"1536x1536":false,"2048x2048":false},"uagb_author_info":{"display_name":"admin","author_link":"https:\/\/mpky.net\/author\/admin\/"},"uagb_comment_info":0,"uagb_excerpt":"Koulutuskentt\u00e4 MPKY:N LENTOKENT\u00c4N KOULUTUSKENTT\u00c4 on vapaasti MPKY:n j\u00e4senten k\u00e4yt\u00f6ss\u00e4, huomioiden kalenterissa n\u00e4kyv\u00e4t kentt\u00e4varaukset.&nbsp;Muistathan siis vilkaista kent\u00e4n kalenteria ettei sit\u00e4 ole [&hellip;]","_links":{"self":[{"href":"https:\/\/mpky.net\/wp-json\/wp\/v2\/pages\/56","targetHints":{"allow":["GET"]}}],"collection":[{"href":"https:\/\/mpky.net\/wp-json\/wp\/v2\/pages"}],"about":[{"href":"https:\/\/mpky.net\/wp-json\/wp\/v2\/types\/page"}],"author":[{"embeddable":true,"href":"https:\/\/mpky.net\/wp-json\/wp\/v2\/users\/1"}],"replies":[{"embeddable":true,"href":"https:\/\/mpky.net\/wp-json\/wp\/v2\/comments?post=56"}],"version-history":[{"count":6,"href":"https:\/\/mpky.net\/wp-json\/wp\/v2\/pages\/56\/revisions"}],"predecessor-version":[{"id":1030,"href":"https:\/\/mpky.net\/wp-json\/wp\/v2\/pages\/56\/revisions\/1030"}],"wp:attachment":[{"href":"https:\/\/mpky.net\/wp-json\/wp\/v2\/media?parent=56"}],"curies":[{"name":"wp","href":"https:\/\/api.w.org\/{rel}","templated":true}]}}