{"id":62,"date":"2022-07-29T09:11:02","date_gmt":"2022-07-29T09:11:02","guid":{"rendered":"https:\/\/mpky.net\/wp\/?page_id=62"},"modified":"2026-03-29T08:53:08","modified_gmt":"2026-03-29T06:53:08","slug":"vuokraus","status":"publish","type":"page","link":"https:\/\/mpky.net\/vuokraus\/","title":{"rendered":"Hinnasto ja varaukset (koulutuskentt\u00e4 &#038; kentt\u00e4rakennus)"},"content":{"rendered":"\n<div class=\"wp-block-columns is-layout-flex wp-container-core-columns-is-layout-28f84493 wp-block-columns-is-layout-flex\">\n<div class=\"wp-block-column is-layout-flow wp-block-column-is-layout-flow\"><\/div>\n\n\n\n<div class=\"wp-block-column is-layout-flow wp-block-column-is-layout-flow\"><\/div>\n<\/div>\n\n\n\n<p class=\"has-medium-font-size\"><strong>Koulutuskent\u00e4n ja kentt\u00e4rakennuksen vuokraus.<\/strong><\/p>\n\n\n\n<p>Vuokraamme koulutuskentt\u00e4\u00e4mme ja sen yhteydess\u00e4 sijaitsevaa rakennusta yhdess\u00e4 ja erikseen. Kentt\u00e4rakennukseen kuuluu l\u00e4mmitetyt tilat, mikroaaltouuni, hella ja kahvinkeitin ja muut tilan varusteet. Kahvinkeittoa ym. varten vesi ja astiat on tuotava itse. Koulutuskentt\u00e4 on valaistu luonnonnurmi kentt\u00e4. Lis\u00e4ksi rakennuksen takana on ulko-wc.<\/p>\n\n\n\n<p>Vuokraajan tulee huolehtia tilojen siisteydest\u00e4 ja j\u00e4tt\u00e4\u00e4 tilat siihen kuntoon, kun ne olivat tultaessa.<\/p>\n\n\n\n<p><strong>Varaus vahvistetaan, kun maksu on maksettu yhdistyksen tilille.<\/strong><\/p>\n\n\n\n<p><strong>TIEDUSTELUT JA VARAUKSET: <\/strong><\/p>\n\n\n\n<p>Jarmo Paavilainen<br>jarmo.paavilainen@mpky.net<br>045 8662123<\/p>\n\n\n\n<p class=\"has-medium-font-size\"><strong>Hinnasto:<\/strong><\/p>\n\n\n\n<ul class=\"wp-block-list\">\n<li><strong>Yksityinen varaus<\/strong>, j\u00e4sen 10e \/h (koirakkom\u00e4\u00e4r\u00e4\u00e4 ei ole rajoitettu)<\/li>\n\n\n\n<li><strong>Yksityinen varaus<\/strong>, ei-j\u00e4sen 20e \/h (koirakkom\u00e4\u00e4r\u00e4\u00e4 ei ole rajoitettu)<\/li>\n<\/ul>\n\n\n\n<ul class=\"wp-block-list\">\n<li><strong>Kertamaksu<\/strong>, vieras j\u00e4senen kanssa 5e \/kerta (omatoimitreeni, ei yksityisvarausta)\n<ul class=\"wp-block-list\">\n<li>Vierailijasta on teht\u00e4v\u00e4 ilmoitus (nimi ja s\u00e4hk\u00f6posti) rahastonhoitajalle ja tiedot ilmoitetaan s\u00e4hk\u00f6postilla osoitteeseen: rahastonhoitaja@mpky.net.<\/li>\n\n\n\n<li>Rahastonhoitaja laskuttaa laskutusohjelmalla vierailijaa, lasku tulee s\u00e4hk\u00f6postiin.<\/li>\n<\/ul>\n<\/li>\n<\/ul>\n\n\n\n<p><\/p>\n\n\n\n<p><strong>Jos et halua laskua, niin<\/strong> <strong>varausmaksut maksetaan tilille:<\/strong><br>Mikkelin Palveluskoirayhdistys ry<br>FI50 5271 0440 1944 55<\/p>\n\n\n\n<p>Koulutuskent\u00e4n (+koulutusrakennus) varausmaksun viitenumero&nbsp;<strong>5665<\/strong><br>Koulutusrakennuksen varausmaksun viitenumero&nbsp;<strong>5694<\/strong><br>Kertamaksu (vieras j\u00e4senen kanssa) varausmaksun viitenumero <strong>5555<\/strong><\/p>\n\n\n\n<p class=\"has-ast-global-color-2-color has-text-color has-link-color has-medium-font-size wp-elements-4d809cc09c3ecbcd2a71d4421e6efddd\"><strong>L\u00e4ht\u00f6kohtaisesti rahastonhoitaja laskuttaa varauksen tehnytt\u00e4 henkil\u00f6\u00e4, yrityst\u00e4 tai yhdistyst\u00e4 s\u00e4hk\u00f6postitse.<\/strong><\/p>\n\n\n\n<p class=\"has-large-font-size\"><strong>Maksullisiin treeniryhmiin teht\u00e4v\u00e4t vierailut <\/strong><\/p>\n\n\n\n<p class=\"has-medium-font-size\"><strong>Hinnasto:<\/strong><br>5e \/kerta<\/p>\n\n\n\n<ul class=\"wp-block-list\">\n<li>Treeniryhm\u00e4vierailuista on otettava yhteys ryhm\u00e4n vet\u00e4j\u00e4\u00e4n. Pidemmist\u00e4 vierailuista sovitaan erikseen. <\/li>\n<\/ul>\n\n\n\n<p><strong>Vierailijamaksu laskutetaan s\u00e4hk\u00f6postilla, poikkeustilanteissa jos et halua laskua, maksu maksetaan suoraan tilille:<\/strong><br>Mikkelin Palveluskoirayhdistys ry<br>FI50 5271 0440 1944 55 ja viitenumero <strong>5623<\/strong><\/p>\n\n\n\n<p><\/p>\n","protected":false},"excerpt":{"rendered":"<p>Koulutuskent\u00e4n ja kentt\u00e4rakennuksen vuokraus. Vuokraamme koulutuskentt\u00e4\u00e4mme ja sen yhteydess\u00e4 sijaitsevaa rakennusta yhdess\u00e4 ja erikseen. Kentt\u00e4rakennukseen kuuluu l\u00e4mmitetyt tilat, mikroaaltouuni, hella [&hellip;]<\/p>\n","protected":false},"author":1,"featured_media":0,"parent":0,"menu_order":0,"comment_status":"closed","ping_status":"closed","template":"","meta":{"_uag_custom_page_level_css":"","site-sidebar-layout":"default","site-content-layout":"","ast-site-content-layout":"default","site-content-style":"default","site-sidebar-style":"default","ast-global-header-display":"","ast-banner-title-visibility":"","ast-main-header-display":"","ast-hfb-above-header-display":"","ast-hfb-below-header-display":"","ast-hfb-mobile-header-display":"","site-post-title":"disabled","ast-breadcrumbs-content":"","ast-featured-img":"","footer-sml-layout":"","ast-disable-related-posts":"","theme-transparent-header-meta":"","adv-header-id-meta":"","stick-header-meta":"","header-above-stick-meta":"","header-main-stick-meta":"","header-below-stick-meta":"","astra-migrate-meta-layouts":"default","ast-page-background-enabled":"default","ast-page-background-meta":{"desktop":{"background-color":"var(--ast-global-color-4)","background-image":"","background-repeat":"repeat","background-position":"center center","background-size":"auto","background-attachment":"scroll","background-type":"","background-media":"","overlay-type":"","overlay-color":"","overlay-opacity":"","overlay-gradient":""},"tablet":{"background-color":"","background-image":"","background-repeat":"repeat","background-position":"center center","background-size":"auto","background-attachment":"scroll","background-type":"","background-media":"","overlay-type":"","overlay-color":"","overlay-opacity":"","overlay-gradient":""},"mobile":{"background-color":"","background-image":"","background-repeat":"repeat","background-position":"center center","background-size":"auto","background-attachment":"scroll","background-type":"","background-media":"","overlay-type":"","overlay-color":"","overlay-opacity":"","overlay-gradient":""}},"ast-content-background-meta":{"desktop":{"background-color":"var(--ast-global-color-5)","background-image":"","background-repeat":"repeat","background-position":"center center","background-size":"auto","background-attachment":"scroll","background-type":"","background-media":"","overlay-type":"","overlay-color":"","overlay-opacity":"","overlay-gradient":""},"tablet":{"background-color":"var(--ast-global-color-5)","background-image":"","background-repeat":"repeat","background-position":"center center","background-size":"auto","background-attachment":"scroll","background-type":"","background-media":"","overlay-type":"","overlay-color":"","overlay-opacity":"","overlay-gradient":""},"mobile":{"background-color":"var(--ast-global-color-5)","background-image":"","background-repeat":"repeat","background-position":"center center","background-size":"auto","background-attachment":"scroll","background-type":"","background-media":"","overlay-type":"","overlay-color":"","overlay-opacity":"","overlay-gradient":""}},"footnotes":""},"class_list":["post-62","page","type-page","status-publish","hentry"],"uagb_featured_image_src":{"full":false,"thumbnail":false,"medium":false,"medium_large":false,"large":false,"1536x1536":false,"2048x2048":false},"uagb_author_info":{"display_name":"admin","author_link":"https:\/\/mpky.net\/author\/admin\/"},"uagb_comment_info":0,"uagb_excerpt":"Koulutuskent\u00e4n ja kentt\u00e4rakennuksen vuokraus. Vuokraamme koulutuskentt\u00e4\u00e4mme ja sen yhteydess\u00e4 sijaitsevaa rakennusta yhdess\u00e4 ja erikseen. Kentt\u00e4rakennukseen kuuluu l\u00e4mmitetyt tilat, mikroaaltouuni, hella [&hellip;]","_links":{"self":[{"href":"https:\/\/mpky.net\/wp-json\/wp\/v2\/pages\/62","targetHints":{"allow":["GET"]}}],"collection":[{"href":"https:\/\/mpky.net\/wp-json\/wp\/v2\/pages"}],"about":[{"href":"https:\/\/mpky.net\/wp-json\/wp\/v2\/types\/page"}],"author":[{"embeddable":true,"href":"https:\/\/mpky.net\/wp-json\/wp\/v2\/users\/1"}],"replies":[{"embeddable":true,"href":"https:\/\/mpky.net\/wp-json\/wp\/v2\/comments?post=62"}],"version-history":[{"count":17,"href":"https:\/\/mpky.net\/wp-json\/wp\/v2\/pages\/62\/revisions"}],"predecessor-version":[{"id":1014,"href":"https:\/\/mpky.net\/wp-json\/wp\/v2\/pages\/62\/revisions\/1014"}],"wp:attachment":[{"href":"https:\/\/mpky.net\/wp-json\/wp\/v2\/media?parent=62"}],"curies":[{"name":"wp","href":"https:\/\/api.w.org\/{rel}","templated":true}]}}