{"id":7,"date":"2022-07-29T08:55:22","date_gmt":"2022-07-29T08:55:22","guid":{"rendered":"https:\/\/mpky.net\/wp\/?page_id=7"},"modified":"2026-03-29T08:59:28","modified_gmt":"2026-03-29T06:59:28","slug":"jasenyys","status":"publish","type":"page","link":"https:\/\/mpky.net\/jasenyys\/","title":{"rendered":"J\u00e4senyys"},"content":{"rendered":"\n<div class=\"wp-block-columns is-layout-flex wp-container-core-columns-is-layout-28f84493 wp-block-columns-is-layout-flex\">\n<div class=\"wp-block-column is-layout-flow wp-block-column-is-layout-flow\"><\/div>\n\n\n\n<div class=\"wp-block-column is-layout-flow wp-block-column-is-layout-flow\"><\/div>\n<\/div>\n\n\n\n<div class=\"wp-block-uagb-advanced-heading uagb-block-703e0a06\"><h2 class=\"uagb-heading-text\">J\u00e4senyys<\/h2><\/div>\n\n\n\n<p>MPKY:n j\u00e4senen\u00e4 saat k\u00e4ytt\u00f6\u00f6si seuraavat edut:<\/p>\n\n\n\n<ul class=\"wp-block-list\">\n<li>Yhdistyksen j\u00e4rjest\u00e4m\u00e4t kokeet \/ koulutukset \/ kurssit j\u00e4senhintaan.<\/li>\n\n\n\n<li>Etusija yhdistyksen j\u00e4rjest\u00e4miin kokeisiin, koulutuksiin sek\u00e4 kursseille.<\/li>\n\n\n\n<li>Korvaus osallistumismaksusta SM -kilpailuissa. Korvaus on anottava henkil\u00f6kohtaisesti hallitukselta. Maksu tapahtuu j\u00e4lkik\u00e4teen kuittia vastaan.<\/li>\n\n\n\n<li>Saat kouluttaa koiraasi kent\u00e4ll\u00e4 ja k\u00e4ytt\u00e4\u00e4 kentt\u00e4\u00e4 sek\u00e4 tarvikkeita maksutta.<\/li>\n\n\n\n<li>Mahtavat treenikaverit ja erilaiset vaihtuvat j\u00e4senedut<\/li>\n<\/ul>\n\n\n\n<p>MPKY:n j\u00e4senen\u00e4 sitoudut mm.<\/p>\n\n\n\n<ul class=\"wp-block-list\">\n<li>Noudattamaan yhdistyksen yhteisi\u00e4 s\u00e4\u00e4nt\u00f6j\u00e4.<\/li>\n\n\n\n<li>Olemaan k\u00e4ytett\u00e4viss\u00e4 talkooty\u00f6l\u00e4isen\u00e4 v\u00e4h. 3 kertaa \/ vuosi yhdistyksen tapahtumassa tai talkoissa.<\/li>\n<\/ul>\n\n\n\n<p><\/p>\n","protected":false},"excerpt":{"rendered":"<p>J\u00e4senyys MPKY:n j\u00e4senen\u00e4 saat k\u00e4ytt\u00f6\u00f6si seuraavat edut: MPKY:n j\u00e4senen\u00e4 sitoudut mm.<\/p>\n","protected":false},"author":1,"featured_media":0,"parent":0,"menu_order":0,"comment_status":"closed","ping_status":"closed","template":"","meta":{"_uag_custom_page_level_css":"","site-sidebar-layout":"default","site-content-layout":"","ast-site-content-layout":"default","site-content-style":"default","site-sidebar-style":"default","ast-global-header-display":"","ast-banner-title-visibility":"","ast-main-header-display":"","ast-hfb-above-header-display":"","ast-hfb-below-header-display":"","ast-hfb-mobile-header-display":"","site-post-title":"disabled","ast-breadcrumbs-content":"","ast-featured-img":"","footer-sml-layout":"","ast-disable-related-posts":"","theme-transparent-header-meta":"","adv-header-id-meta":"","stick-header-meta":"","header-above-stick-meta":"","header-main-stick-meta":"","header-below-stick-meta":"","astra-migrate-meta-layouts":"default","ast-page-background-enabled":"default","ast-page-background-meta":{"desktop":{"background-color":"var(--ast-global-color-4)","background-image":"","background-repeat":"repeat","background-position":"center center","background-size":"auto","background-attachment":"scroll","background-type":"","background-media":"","overlay-type":"","overlay-color":"","overlay-opacity":"","overlay-gradient":""},"tablet":{"background-color":"","background-image":"","background-repeat":"repeat","background-position":"center center","background-size":"auto","background-attachment":"scroll","background-type":"","background-media":"","overlay-type":"","overlay-color":"","overlay-opacity":"","overlay-gradient":""},"mobile":{"background-color":"","background-image":"","background-repeat":"repeat","background-position":"center center","background-size":"auto","background-attachment":"scroll","background-type":"","background-media":"","overlay-type":"","overlay-color":"","overlay-opacity":"","overlay-gradient":""}},"ast-content-background-meta":{"desktop":{"background-color":"var(--ast-global-color-5)","background-image":"","background-repeat":"repeat","background-position":"center center","background-size":"auto","background-attachment":"scroll","background-type":"","background-media":"","overlay-type":"","overlay-color":"","overlay-opacity":"","overlay-gradient":""},"tablet":{"background-color":"var(--ast-global-color-5)","background-image":"","background-repeat":"repeat","background-position":"center center","background-size":"auto","background-attachment":"scroll","background-type":"","background-media":"","overlay-type":"","overlay-color":"","overlay-opacity":"","overlay-gradient":""},"mobile":{"background-color":"var(--ast-global-color-5)","background-image":"","background-repeat":"repeat","background-position":"center center","background-size":"auto","background-attachment":"scroll","background-type":"","background-media":"","overlay-type":"","overlay-color":"","overlay-opacity":"","overlay-gradient":""}},"footnotes":""},"class_list":["post-7","page","type-page","status-publish","hentry"],"uagb_featured_image_src":{"full":false,"thumbnail":false,"medium":false,"medium_large":false,"large":false,"1536x1536":false,"2048x2048":false},"uagb_author_info":{"display_name":"admin","author_link":"https:\/\/mpky.net\/author\/admin\/"},"uagb_comment_info":0,"uagb_excerpt":"J\u00e4senyys MPKY:n j\u00e4senen\u00e4 saat k\u00e4ytt\u00f6\u00f6si seuraavat edut: MPKY:n j\u00e4senen\u00e4 sitoudut mm.","_links":{"self":[{"href":"https:\/\/mpky.net\/wp-json\/wp\/v2\/pages\/7","targetHints":{"allow":["GET"]}}],"collection":[{"href":"https:\/\/mpky.net\/wp-json\/wp\/v2\/pages"}],"about":[{"href":"https:\/\/mpky.net\/wp-json\/wp\/v2\/types\/page"}],"author":[{"embeddable":true,"href":"https:\/\/mpky.net\/wp-json\/wp\/v2\/users\/1"}],"replies":[{"embeddable":true,"href":"https:\/\/mpky.net\/wp-json\/wp\/v2\/comments?post=7"}],"version-history":[{"count":4,"href":"https:\/\/mpky.net\/wp-json\/wp\/v2\/pages\/7\/revisions"}],"predecessor-version":[{"id":1020,"href":"https:\/\/mpky.net\/wp-json\/wp\/v2\/pages\/7\/revisions\/1020"}],"wp:attachment":[{"href":"https:\/\/mpky.net\/wp-json\/wp\/v2\/media?parent=7"}],"curies":[{"name":"wp","href":"https:\/\/api.w.org\/{rel}","templated":true}]}}